{"id":28857,"date":"2022-01-05T17:46:33","date_gmt":"2022-01-05T16:46:33","guid":{"rendered":"https:\/\/www.herztoenchen.com\/ukulelefee\/?post_type=product&#038;p=28857"},"modified":"2026-02-11T10:51:23","modified_gmt":"2026-02-11T09:51:23","slug":"gutschein-ukulelefee-200","status":"publish","type":"product","link":"https:\/\/www.herztoenchen.com\/ukulelefee\/shop\/gutschein\/gutschein-ukulelefee-200\/","title":{"rendered":"Gutschein Ukulelefee 200"},"content":{"rendered":"<p data-start=\"297\" data-end=\"372\">Manchmal ist das sch\u00f6nste Geschenk kein Gegenstand, sondern eine Einladung.<\/p>\n<p data-start=\"374\" data-end=\"535\">Der Ukulelefee-Gutschein ist ein musikalisches Wertgeschenk f\u00fcr alle, die sich selbst oder anderen eine Portion Klang, Freude und Dranbleiben schenken m\u00f6chten.<\/p>\n<p data-start=\"537\" data-end=\"635\">Einl\u00f6sbar f\u00fcr Unterricht, den Ukulelefee Freundeskreis, Kurse oder ausgew\u00e4hlte Angebote im Shop.<\/p>\n<p data-start=\"637\" data-end=\"766\">Der Gutschein wird nach Bestellung pers\u00f6nlich per E-Mail mit individuellem Gutscheincode versendet und ist flexibel einsetzbar.<\/p>\n<p data-start=\"768\" data-end=\"869\">Erh\u00e4ltlich in verschiedenen Betr\u00e4gen \u2013 passend f\u00fcr kleine Impulse oder gr\u00f6\u00dfere musikalische Schritte.<\/p>\n<p data-start=\"871\" data-end=\"896\">Ein Geschenk, das klingt.<\/p>\n","protected":false},"excerpt":{"rendered":"<p>Ein liebevoller Geschenkgutschein f\u00fcr Musik, Freude und Dranbleiben \u2013 einl\u00f6sbar f\u00fcr alle Angebote der Ukulelefee.<\/p>\n","protected":false},"featured_media":29711,"template":"","meta":{"jetpack_publicize_message":"","jetpack_publicize_feature_enabled":true,"jetpack_social_post_already_shared":true,"jetpack_social_options":{"image_generator_settings":{"template":"highway","default_image_id":0,"font":"","enabled":false},"version":2}},"product_brand":[],"product_cat":[292],"product_tag":[552,549,546,555,294,551,547,550,548,553,268,554],"class_list":{"0":"post-28857","1":"product","2":"type-product","3":"status-publish","4":"has-post-thumbnail","6":"product_cat-gutschein","7":"product_tag-dranbleiben","8":"product_tag-freundeskreis","9":"product_tag-geschenkgutschein","10":"product_tag-geschenkidee","11":"product_tag-gutschein","12":"product_tag-klangfreude","13":"product_tag-musik-schenken","14":"product_tag-musikalisches-geschenk","15":"product_tag-musikunterricht","16":"product_tag-onlinekurs","17":"product_tag-ukulele","18":"product_tag-wertgutschein","20":"first","21":"instock","22":"virtual","23":"purchasable","24":"product-type-simple"},"yoast_head":"<!-- This site is optimized with the Yoast SEO plugin v23.7 - https:\/\/yoast.com\/wordpress\/plugins\/seo\/ -->\n<title>Gutschein Ukulelefee 200 - UkuleleFee<\/title>\n<meta name=\"description\" content=\"Ein liebevoller Geschenkgutschein f\u00fcr Musik, Freude und Dranbleiben \u2013 einl\u00f6sbar f\u00fcr alle Angebote der Ukulelefee.\" \/>\n<meta name=\"robots\" content=\"index, follow, max-snippet:-1, max-image-preview:large, max-video-preview:-1\" \/>\n<link rel=\"canonical\" href=\"https:\/\/www.herztoenchen.com\/ukulelefee\/shop\/gutschein\/gutschein-ukulelefee-200\/\" \/>\n<meta property=\"og:locale\" content=\"de_DE\" \/>\n<meta property=\"og:type\" content=\"article\" \/>\n<meta property=\"og:title\" content=\"Gutschein Ukulelefee 200 - UkuleleFee\" \/>\n<meta property=\"og:description\" content=\"Ein liebevoller Geschenkgutschein f\u00fcr Musik, Freude und Dranbleiben \u2013 einl\u00f6sbar f\u00fcr alle Angebote der Ukulelefee.\" \/>\n<meta property=\"og:url\" content=\"https:\/\/www.herztoenchen.com\/ukulelefee\/shop\/gutschein\/gutschein-ukulelefee-200\/\" \/>\n<meta property=\"og:site_name\" content=\"UkuleleFee\" \/>\n<meta property=\"article:publisher\" content=\"https:\/\/www.facebook.com\/gabigrafeneder\" \/>\n<meta property=\"article:modified_time\" content=\"2026-02-11T09:51:23+00:00\" \/>\n<meta property=\"og:image\" content=\"http:\/\/www.herztoenchen.com\/ukulelefee\/wp-content\/uploads\/2022\/01\/3-1.png\" \/>\n\t<meta property=\"og:image:width\" content=\"1000\" \/>\n\t<meta property=\"og:image:height\" content=\"1000\" \/>\n\t<meta property=\"og:image:type\" content=\"image\/png\" \/>\n<meta name=\"twitter:card\" content=\"summary_large_image\" \/>\n<meta name=\"twitter:label1\" content=\"Gesch\u00e4tzte Lesezeit\" \/>\n\t<meta name=\"twitter:data1\" content=\"1\u00a0Minute\" \/>\n<script type=\"application\/ld+json\" class=\"yoast-schema-graph\">{\"@context\":\"https:\/\/schema.org\",\"@graph\":[{\"@type\":\"WebPage\",\"@id\":\"https:\/\/www.herztoenchen.com\/ukulelefee\/shop\/gutschein\/gutschein-ukulelefee-200\/\",\"url\":\"https:\/\/www.herztoenchen.com\/ukulelefee\/shop\/gutschein\/gutschein-ukulelefee-200\/\",\"name\":\"Gutschein Ukulelefee 200 - UkuleleFee\",\"isPartOf\":{\"@id\":\"https:\/\/www.herztoenchen.com\/ukulelefee\/#website\"},\"primaryImageOfPage\":{\"@id\":\"https:\/\/www.herztoenchen.com\/ukulelefee\/shop\/gutschein\/gutschein-ukulelefee-200\/#primaryimage\"},\"image\":{\"@id\":\"https:\/\/www.herztoenchen.com\/ukulelefee\/shop\/gutschein\/gutschein-ukulelefee-200\/#primaryimage\"},\"thumbnailUrl\":\"https:\/\/i0.wp.com\/www.herztoenchen.com\/ukulelefee\/wp-content\/uploads\/2022\/01\/3-1.png?fit=1000%2C1000&ssl=1\",\"datePublished\":\"2022-01-05T16:46:33+00:00\",\"dateModified\":\"2026-02-11T09:51:23+00:00\",\"description\":\"Ein liebevoller Geschenkgutschein f\u00fcr Musik, Freude und Dranbleiben \u2013 einl\u00f6sbar f\u00fcr alle Angebote der Ukulelefee.\",\"breadcrumb\":{\"@id\":\"https:\/\/www.herztoenchen.com\/ukulelefee\/shop\/gutschein\/gutschein-ukulelefee-200\/#breadcrumb\"},\"inLanguage\":\"de\",\"potentialAction\":[{\"@type\":\"ReadAction\",\"target\":[\"https:\/\/www.herztoenchen.com\/ukulelefee\/shop\/gutschein\/gutschein-ukulelefee-200\/\"]}]},{\"@type\":\"ImageObject\",\"inLanguage\":\"de\",\"@id\":\"https:\/\/www.herztoenchen.com\/ukulelefee\/shop\/gutschein\/gutschein-ukulelefee-200\/#primaryimage\",\"url\":\"https:\/\/i0.wp.com\/www.herztoenchen.com\/ukulelefee\/wp-content\/uploads\/2022\/01\/3-1.png?fit=1000%2C1000&ssl=1\",\"contentUrl\":\"https:\/\/i0.wp.com\/www.herztoenchen.com\/ukulelefee\/wp-content\/uploads\/2022\/01\/3-1.png?fit=1000%2C1000&ssl=1\",\"width\":1000,\"height\":1000},{\"@type\":\"BreadcrumbList\",\"@id\":\"https:\/\/www.herztoenchen.com\/ukulelefee\/shop\/gutschein\/gutschein-ukulelefee-200\/#breadcrumb\",\"itemListElement\":[{\"@type\":\"ListItem\",\"position\":1,\"name\":\"Startseite\",\"item\":\"https:\/\/www.herztoenchen.com\/ukulelefee\/\"},{\"@type\":\"ListItem\",\"position\":2,\"name\":\"Shop\",\"item\":\"https:\/\/www.herztoenchen.com\/ukulelefee\/?page_id=14\"},{\"@type\":\"ListItem\",\"position\":3,\"name\":\"Gutschein Ukulelefee 200\"}]},{\"@type\":\"WebSite\",\"@id\":\"https:\/\/www.herztoenchen.com\/ukulelefee\/#website\",\"url\":\"https:\/\/www.herztoenchen.com\/ukulelefee\/\",\"name\":\"UkuleleFee\",\"description\":\"Ukulele, ein Instrument f\u00fcr alle\",\"publisher\":{\"@id\":\"https:\/\/www.herztoenchen.com\/ukulelefee\/#\/schema\/person\/3ba787abfc8913340575bb10e0150557\"},\"potentialAction\":[{\"@type\":\"SearchAction\",\"target\":{\"@type\":\"EntryPoint\",\"urlTemplate\":\"https:\/\/www.herztoenchen.com\/ukulelefee\/?s={search_term_string}\"},\"query-input\":{\"@type\":\"PropertyValueSpecification\",\"valueRequired\":true,\"valueName\":\"search_term_string\"}}],\"inLanguage\":\"de\"},{\"@type\":[\"Person\",\"Organization\"],\"@id\":\"https:\/\/www.herztoenchen.com\/ukulelefee\/#\/schema\/person\/3ba787abfc8913340575bb10e0150557\",\"name\":\"Gabriela\",\"image\":{\"@type\":\"ImageObject\",\"inLanguage\":\"de\",\"@id\":\"https:\/\/www.herztoenchen.com\/ukulelefee\/#\/schema\/person\/image\/\",\"url\":\"https:\/\/i0.wp.com\/www.herztoenchen.com\/ukulelefee\/wp-content\/uploads\/2023\/05\/400dpiLogoCropped_400px_MSGFarben.png?fit=400%2C400&ssl=1\",\"contentUrl\":\"https:\/\/i0.wp.com\/www.herztoenchen.com\/ukulelefee\/wp-content\/uploads\/2023\/05\/400dpiLogoCropped_400px_MSGFarben.png?fit=400%2C400&ssl=1\",\"width\":400,\"height\":400,\"caption\":\"Gabriela\"},\"logo\":{\"@id\":\"https:\/\/www.herztoenchen.com\/ukulelefee\/#\/schema\/person\/image\/\"},\"description\":\"Gabriela Grafeneder ist eine leidenschaftliche Ukulelelehrerin und YouTuberin aus \u00d6sterreich. Seit 2017 unterrichtet sie Ukulele in Form von Einzelunterricht und Workshops, sowohl in Pr\u00e4senz als auch online. Gabriela legt gro\u00dfen Wert darauf, dass ihre Sch\u00fcler*innen in ihrem Unterricht eine entspannte und motivierende Atmosph\u00e4re vorfinden, in der sie ihre musikalischen F\u00e4higkeiten entfalten und weiterentwickeln k\u00f6nnen. Auf ihrem YouTube-Kanal \\\"Ukulelefee\\\" begeistert Gabriela Grafeneder ihre Abonnentinnen mit ihren kreativen Videos rund um die Ukulele. Sie zeigt, wie man verschiedene Lieder und Akkorde auf der Ukulele spielt und gibt n\u00fctzliche Tipps und Tricks f\u00fcr Anf\u00e4ngerinnen und Fortgeschrittene. Durch ihre offene und zug\u00e4ngliche Art und ihre Begeisterung f\u00fcr die Ukulele hat Gabriela Grafeneder eine wachsende Fangemeinde aufgebaut und sich zu einer wichtigen Pers\u00f6nlichkeit in der Ukulele-Community entwickelt.\",\"sameAs\":[\"http:\/\/www.ukulelefee.at\",\"https:\/\/www.facebook.com\/gabigrafeneder\",\"https:\/\/www.instagram.com\/ukulelefee\/\",\"https:\/\/www.youtube.com\/ukulelefee\"]}]}<\/script>\n<!-- \/ Yoast SEO plugin. -->","yoast_head_json":{"title":"Gutschein Ukulelefee 200 - UkuleleFee","description":"Ein liebevoller Geschenkgutschein f\u00fcr Musik, Freude und Dranbleiben \u2013 einl\u00f6sbar f\u00fcr alle Angebote der Ukulelefee.","robots":{"index":"index","follow":"follow","max-snippet":"max-snippet:-1","max-image-preview":"max-image-preview:large","max-video-preview":"max-video-preview:-1"},"canonical":"https:\/\/www.herztoenchen.com\/ukulelefee\/shop\/gutschein\/gutschein-ukulelefee-200\/","og_locale":"de_DE","og_type":"article","og_title":"Gutschein Ukulelefee 200 - UkuleleFee","og_description":"Ein liebevoller Geschenkgutschein f\u00fcr Musik, Freude und Dranbleiben \u2013 einl\u00f6sbar f\u00fcr alle Angebote der Ukulelefee.","og_url":"https:\/\/www.herztoenchen.com\/ukulelefee\/shop\/gutschein\/gutschein-ukulelefee-200\/","og_site_name":"UkuleleFee","article_publisher":"https:\/\/www.facebook.com\/gabigrafeneder","article_modified_time":"2026-02-11T09:51:23+00:00","og_image":[{"width":1000,"height":1000,"url":"http:\/\/www.herztoenchen.com\/ukulelefee\/wp-content\/uploads\/2022\/01\/3-1.png","type":"image\/png"}],"twitter_card":"summary_large_image","twitter_misc":{"Gesch\u00e4tzte Lesezeit":"1\u00a0Minute"},"schema":{"@context":"https:\/\/schema.org","@graph":[{"@type":"WebPage","@id":"https:\/\/www.herztoenchen.com\/ukulelefee\/shop\/gutschein\/gutschein-ukulelefee-200\/","url":"https:\/\/www.herztoenchen.com\/ukulelefee\/shop\/gutschein\/gutschein-ukulelefee-200\/","name":"Gutschein Ukulelefee 200 - UkuleleFee","isPartOf":{"@id":"https:\/\/www.herztoenchen.com\/ukulelefee\/#website"},"primaryImageOfPage":{"@id":"https:\/\/www.herztoenchen.com\/ukulelefee\/shop\/gutschein\/gutschein-ukulelefee-200\/#primaryimage"},"image":{"@id":"https:\/\/www.herztoenchen.com\/ukulelefee\/shop\/gutschein\/gutschein-ukulelefee-200\/#primaryimage"},"thumbnailUrl":"https:\/\/i0.wp.com\/www.herztoenchen.com\/ukulelefee\/wp-content\/uploads\/2022\/01\/3-1.png?fit=1000%2C1000&ssl=1","datePublished":"2022-01-05T16:46:33+00:00","dateModified":"2026-02-11T09:51:23+00:00","description":"Ein liebevoller Geschenkgutschein f\u00fcr Musik, Freude und Dranbleiben \u2013 einl\u00f6sbar f\u00fcr alle Angebote der Ukulelefee.","breadcrumb":{"@id":"https:\/\/www.herztoenchen.com\/ukulelefee\/shop\/gutschein\/gutschein-ukulelefee-200\/#breadcrumb"},"inLanguage":"de","potentialAction":[{"@type":"ReadAction","target":["https:\/\/www.herztoenchen.com\/ukulelefee\/shop\/gutschein\/gutschein-ukulelefee-200\/"]}]},{"@type":"ImageObject","inLanguage":"de","@id":"https:\/\/www.herztoenchen.com\/ukulelefee\/shop\/gutschein\/gutschein-ukulelefee-200\/#primaryimage","url":"https:\/\/i0.wp.com\/www.herztoenchen.com\/ukulelefee\/wp-content\/uploads\/2022\/01\/3-1.png?fit=1000%2C1000&ssl=1","contentUrl":"https:\/\/i0.wp.com\/www.herztoenchen.com\/ukulelefee\/wp-content\/uploads\/2022\/01\/3-1.png?fit=1000%2C1000&ssl=1","width":1000,"height":1000},{"@type":"BreadcrumbList","@id":"https:\/\/www.herztoenchen.com\/ukulelefee\/shop\/gutschein\/gutschein-ukulelefee-200\/#breadcrumb","itemListElement":[{"@type":"ListItem","position":1,"name":"Startseite","item":"https:\/\/www.herztoenchen.com\/ukulelefee\/"},{"@type":"ListItem","position":2,"name":"Shop","item":"https:\/\/www.herztoenchen.com\/ukulelefee\/?page_id=14"},{"@type":"ListItem","position":3,"name":"Gutschein Ukulelefee 200"}]},{"@type":"WebSite","@id":"https:\/\/www.herztoenchen.com\/ukulelefee\/#website","url":"https:\/\/www.herztoenchen.com\/ukulelefee\/","name":"UkuleleFee","description":"Ukulele, ein Instrument f\u00fcr alle","publisher":{"@id":"https:\/\/www.herztoenchen.com\/ukulelefee\/#\/schema\/person\/3ba787abfc8913340575bb10e0150557"},"potentialAction":[{"@type":"SearchAction","target":{"@type":"EntryPoint","urlTemplate":"https:\/\/www.herztoenchen.com\/ukulelefee\/?s={search_term_string}"},"query-input":{"@type":"PropertyValueSpecification","valueRequired":true,"valueName":"search_term_string"}}],"inLanguage":"de"},{"@type":["Person","Organization"],"@id":"https:\/\/www.herztoenchen.com\/ukulelefee\/#\/schema\/person\/3ba787abfc8913340575bb10e0150557","name":"Gabriela","image":{"@type":"ImageObject","inLanguage":"de","@id":"https:\/\/www.herztoenchen.com\/ukulelefee\/#\/schema\/person\/image\/","url":"https:\/\/i0.wp.com\/www.herztoenchen.com\/ukulelefee\/wp-content\/uploads\/2023\/05\/400dpiLogoCropped_400px_MSGFarben.png?fit=400%2C400&ssl=1","contentUrl":"https:\/\/i0.wp.com\/www.herztoenchen.com\/ukulelefee\/wp-content\/uploads\/2023\/05\/400dpiLogoCropped_400px_MSGFarben.png?fit=400%2C400&ssl=1","width":400,"height":400,"caption":"Gabriela"},"logo":{"@id":"https:\/\/www.herztoenchen.com\/ukulelefee\/#\/schema\/person\/image\/"},"description":"Gabriela Grafeneder ist eine leidenschaftliche Ukulelelehrerin und YouTuberin aus \u00d6sterreich. Seit 2017 unterrichtet sie Ukulele in Form von Einzelunterricht und Workshops, sowohl in Pr\u00e4senz als auch online. Gabriela legt gro\u00dfen Wert darauf, dass ihre Sch\u00fcler*innen in ihrem Unterricht eine entspannte und motivierende Atmosph\u00e4re vorfinden, in der sie ihre musikalischen F\u00e4higkeiten entfalten und weiterentwickeln k\u00f6nnen. Auf ihrem YouTube-Kanal \"Ukulelefee\" begeistert Gabriela Grafeneder ihre Abonnentinnen mit ihren kreativen Videos rund um die Ukulele. Sie zeigt, wie man verschiedene Lieder und Akkorde auf der Ukulele spielt und gibt n\u00fctzliche Tipps und Tricks f\u00fcr Anf\u00e4ngerinnen und Fortgeschrittene. Durch ihre offene und zug\u00e4ngliche Art und ihre Begeisterung f\u00fcr die Ukulele hat Gabriela Grafeneder eine wachsende Fangemeinde aufgebaut und sich zu einer wichtigen Pers\u00f6nlichkeit in der Ukulele-Community entwickelt.","sameAs":["http:\/\/www.ukulelefee.at","https:\/\/www.facebook.com\/gabigrafeneder","https:\/\/www.instagram.com\/ukulelefee\/","https:\/\/www.youtube.com\/ukulelefee"]}]}},"jetpack_publicize_connections":[],"jetpack_sharing_enabled":true,"jetpack-related-posts":[{"id":29712,"url":"https:\/\/www.herztoenchen.com\/ukulelefee\/shop\/gutschein\/gutschein-ukulelefee-150\/","url_meta":{"origin":28857,"position":0},"title":"Gutschein Ukulelefee 150","author":"Gabriela","date":"11. Februar 2026","format":false,"excerpt":"Ein liebevoller Geschenkgutschein f\u00fcr Musik, Freude und Dranbleiben \u2013 einl\u00f6sbar f\u00fcr alle Angebote der Ukulelefee.","rel":"","context":"\u00c4hnlicher Beitrag","block_context":{"text":"\u00c4hnlicher Beitrag","link":""},"img":{"alt_text":"","src":"https:\/\/i0.wp.com\/www.herztoenchen.com\/ukulelefee\/wp-content\/uploads\/2022\/01\/2-1.png?fit=1000%2C1000&ssl=1&resize=350%2C200","width":350,"height":200,"srcset":"https:\/\/i0.wp.com\/www.herztoenchen.com\/ukulelefee\/wp-content\/uploads\/2022\/01\/2-1.png?fit=1000%2C1000&ssl=1&resize=350%2C200 1x, https:\/\/i0.wp.com\/www.herztoenchen.com\/ukulelefee\/wp-content\/uploads\/2022\/01\/2-1.png?fit=1000%2C1000&ssl=1&resize=525%2C300 1.5x, https:\/\/i0.wp.com\/www.herztoenchen.com\/ukulelefee\/wp-content\/uploads\/2022\/01\/2-1.png?fit=1000%2C1000&ssl=1&resize=700%2C400 2x"},"classes":[]},{"id":29713,"url":"https:\/\/www.herztoenchen.com\/ukulelefee\/shop\/gutschein\/gutschein-ukulelefee-100\/","url_meta":{"origin":28857,"position":1},"title":"Gutschein Ukulelefee 100","author":"Gabriela","date":"11. Februar 2026","format":false,"excerpt":"Ein liebevoller Geschenkgutschein f\u00fcr Musik, Freude und Dranbleiben \u2013 einl\u00f6sbar f\u00fcr alle Angebote der Ukulelefee.","rel":"","context":"\u00c4hnlicher Beitrag","block_context":{"text":"\u00c4hnlicher Beitrag","link":""},"img":{"alt_text":"","src":"https:\/\/i0.wp.com\/www.herztoenchen.com\/ukulelefee\/wp-content\/uploads\/2022\/01\/1-1.png?fit=1000%2C1000&ssl=1&resize=350%2C200","width":350,"height":200,"srcset":"https:\/\/i0.wp.com\/www.herztoenchen.com\/ukulelefee\/wp-content\/uploads\/2022\/01\/1-1.png?fit=1000%2C1000&ssl=1&resize=350%2C200 1x, https:\/\/i0.wp.com\/www.herztoenchen.com\/ukulelefee\/wp-content\/uploads\/2022\/01\/1-1.png?fit=1000%2C1000&ssl=1&resize=525%2C300 1.5x, https:\/\/i0.wp.com\/www.herztoenchen.com\/ukulelefee\/wp-content\/uploads\/2022\/01\/1-1.png?fit=1000%2C1000&ssl=1&resize=700%2C400 2x"},"classes":[]},{"id":29753,"url":"https:\/\/www.herztoenchen.com\/ukulelefee\/shop\/gutschein\/8-wochen-dranbleiben\/","url_meta":{"origin":28857,"position":2},"title":"Ukulelefee Circle &#8211; 8 Wochen Dranbleiben","author":"Gabriela","date":"13. Februar 2026","format":false,"excerpt":"8 Wochen strukturierte musikalische Begleitung.Videoimpulse, \u00dcbeaufgaben, Challenges, WhatsApp-Begleitung und Feedback.Gesamtpreis 96 \u20ac.","rel":"","context":"\u00c4hnlicher Beitrag","block_context":{"text":"\u00c4hnlicher Beitrag","link":""},"img":{"alt_text":"","src":"https:\/\/i0.wp.com\/www.herztoenchen.com\/ukulelefee\/wp-content\/uploads\/2026\/02\/Titelbild-Ukulele-von-Zuhause.png?fit=1200%2C675&ssl=1&resize=350%2C200","width":350,"height":200,"srcset":"https:\/\/i0.wp.com\/www.herztoenchen.com\/ukulelefee\/wp-content\/uploads\/2026\/02\/Titelbild-Ukulele-von-Zuhause.png?fit=1200%2C675&ssl=1&resize=350%2C200 1x, https:\/\/i0.wp.com\/www.herztoenchen.com\/ukulelefee\/wp-content\/uploads\/2026\/02\/Titelbild-Ukulele-von-Zuhause.png?fit=1200%2C675&ssl=1&resize=525%2C300 1.5x, https:\/\/i0.wp.com\/www.herztoenchen.com\/ukulelefee\/wp-content\/uploads\/2026\/02\/Titelbild-Ukulele-von-Zuhause.png?fit=1200%2C675&ssl=1&resize=700%2C400 2x, https:\/\/i0.wp.com\/www.herztoenchen.com\/ukulelefee\/wp-content\/uploads\/2026\/02\/Titelbild-Ukulele-von-Zuhause.png?fit=1200%2C675&ssl=1&resize=1050%2C600 3x"},"classes":[]},{"id":28816,"url":"https:\/\/www.herztoenchen.com\/ukulelefee\/shop\/audio-cd\/audio-cd-herztoenchen-ich-sing-fuer-dich\/","url_meta":{"origin":28857,"position":3},"title":"Audio CD: &#8222;herzt\u00f6nchen &#8211; Ich sing f\u00fcr dich&#8220;","author":"Gabriela","date":"5. Januar 2022","format":false,"excerpt":"Audio-CD mit 16 liebevoll gestalteten Titeln, ideal f\u00fcr das erste H\u00f6rerlebnis schon vor dem ersten Lebensjahr. Inspiriert von echten Babyerlebnissen, bietet die CD klare, sanfte Sounds und nat\u00fcrliche Instrumente mit Gesang \u2013 perfekt, um kleine Ohren behutsam in die Welt der Musik einzuf\u00fchren. Kostenloser Versand ab einem Bestellwert von 90\u2026","rel":"","context":"Mit 1 Kommentar","block_context":{"text":"Mit 1 Kommentar","link":"https:\/\/www.herztoenchen.com\/ukulelefee\/shop\/audio-cd\/audio-cd-herztoenchen-ich-sing-fuer-dich\/#comments"},"img":{"alt_text":"","src":"https:\/\/i0.wp.com\/www.herztoenchen.com\/ukulelefee\/wp-content\/uploads\/2022\/01\/Titelbild_CD-Cover_V04.png?fit=600%2C600&ssl=1&resize=350%2C200","width":350,"height":200,"srcset":"https:\/\/i0.wp.com\/www.herztoenchen.com\/ukulelefee\/wp-content\/uploads\/2022\/01\/Titelbild_CD-Cover_V04.png?fit=600%2C600&ssl=1&resize=350%2C200 1x, https:\/\/i0.wp.com\/www.herztoenchen.com\/ukulelefee\/wp-content\/uploads\/2022\/01\/Titelbild_CD-Cover_V04.png?fit=600%2C600&ssl=1&resize=525%2C300 1.5x"},"classes":[]},{"id":28798,"url":"https:\/\/www.herztoenchen.com\/ukulelefee\/shop\/songbook\/songbook-meine-ukulele-und-ich-zu-weihnachten\/","url_meta":{"origin":28857,"position":4},"title":"Songbook: &#8222;Meine Ukulele und ich zu Weihnachten&#8220;","author":"Gabriela","date":"4. Januar 2022","format":false,"excerpt":"16 Songs f\u00fcr den Advent und f\u00fcr Weihnachten mit Erl\u00e4uterungen f\u00fcr den schnellen Einstieg ins Ukulelespiel. Songbook f\u00fcr Anf\u00e4nger geeignet, Heftbindung, DIN A4, 40 Seiten Erscheinungsdatum: 8.12.2021","rel":"","context":"Mit 1 Kommentar","block_context":{"text":"Mit 1 Kommentar","link":"https:\/\/www.herztoenchen.com\/ukulelefee\/shop\/songbook\/songbook-meine-ukulele-und-ich-zu-weihnachten\/#comments"},"img":{"alt_text":"","src":"https:\/\/i0.wp.com\/www.herztoenchen.com\/ukulelefee\/wp-content\/uploads\/2022\/01\/Cover-Ukulele-Weihnacht-2021_V08_mit-Schatten_quadratisch-1.png?fit=1200%2C1200&ssl=1&resize=350%2C200","width":350,"height":200,"srcset":"https:\/\/i0.wp.com\/www.herztoenchen.com\/ukulelefee\/wp-content\/uploads\/2022\/01\/Cover-Ukulele-Weihnacht-2021_V08_mit-Schatten_quadratisch-1.png?fit=1200%2C1200&ssl=1&resize=350%2C200 1x, https:\/\/i0.wp.com\/www.herztoenchen.com\/ukulelefee\/wp-content\/uploads\/2022\/01\/Cover-Ukulele-Weihnacht-2021_V08_mit-Schatten_quadratisch-1.png?fit=1200%2C1200&ssl=1&resize=525%2C300 1.5x, https:\/\/i0.wp.com\/www.herztoenchen.com\/ukulelefee\/wp-content\/uploads\/2022\/01\/Cover-Ukulele-Weihnacht-2021_V08_mit-Schatten_quadratisch-1.png?fit=1200%2C1200&ssl=1&resize=700%2C400 2x, https:\/\/i0.wp.com\/www.herztoenchen.com\/ukulelefee\/wp-content\/uploads\/2022\/01\/Cover-Ukulele-Weihnacht-2021_V08_mit-Schatten_quadratisch-1.png?fit=1200%2C1200&ssl=1&resize=1050%2C600 3x"},"classes":[]},{"id":29704,"url":"https:\/\/www.herztoenchen.com\/ukulelefee\/shop\/ukulelen\/ukulele-der-nil-mahagoni-sopran\/","url_meta":{"origin":28857,"position":5},"title":"Ukulele &#8222;Der Nil&#8220; (Mahagoni laminiert, Sopran)","author":"Gabriela","date":"10. Februar 2026","format":false,"excerpt":"Die Nile Ukulele Mahagoni laminiert Sopran von ToDo Music ist eine robuste, einsteigerfreundliche Ukulele mit warmem, ausgeglichenem Klang.Inspiriert vom Nil verbindet sie Stabilit\u00e4t, Spielfreude und ein ausdrucksstarkes Design \u2013 ideal f\u00fcr den Einstieg und den t\u00e4glichen Gebrauch.","rel":"","context":"\u00c4hnlicher Beitrag","block_context":{"text":"\u00c4hnlicher Beitrag","link":""},"img":{"alt_text":"","src":"https:\/\/i0.wp.com\/www.herztoenchen.com\/ukulelefee\/wp-content\/uploads\/2026\/02\/4.png?fit=1000%2C1000&ssl=1&resize=350%2C200","width":350,"height":200,"srcset":"https:\/\/i0.wp.com\/www.herztoenchen.com\/ukulelefee\/wp-content\/uploads\/2026\/02\/4.png?fit=1000%2C1000&ssl=1&resize=350%2C200 1x, https:\/\/i0.wp.com\/www.herztoenchen.com\/ukulelefee\/wp-content\/uploads\/2026\/02\/4.png?fit=1000%2C1000&ssl=1&resize=525%2C300 1.5x, https:\/\/i0.wp.com\/www.herztoenchen.com\/ukulelefee\/wp-content\/uploads\/2026\/02\/4.png?fit=1000%2C1000&ssl=1&resize=700%2C400 2x"},"classes":[]}],"jetpack_likes_enabled":true,"_links":{"self":[{"href":"https:\/\/www.herztoenchen.com\/ukulelefee\/wp-json\/wp\/v2\/product\/28857","targetHints":{"allow":["GET"]}}],"collection":[{"href":"https:\/\/www.herztoenchen.com\/ukulelefee\/wp-json\/wp\/v2\/product"}],"about":[{"href":"https:\/\/www.herztoenchen.com\/ukulelefee\/wp-json\/wp\/v2\/types\/product"}],"wp:featuredmedia":[{"embeddable":true,"href":"https:\/\/www.herztoenchen.com\/ukulelefee\/wp-json\/wp\/v2\/media\/29711"}],"wp:attachment":[{"href":"https:\/\/www.herztoenchen.com\/ukulelefee\/wp-json\/wp\/v2\/media?parent=28857"}],"wp:term":[{"taxonomy":"product_brand","embeddable":true,"href":"https:\/\/www.herztoenchen.com\/ukulelefee\/wp-json\/wp\/v2\/product_brand?post=28857"},{"taxonomy":"product_cat","embeddable":true,"href":"https:\/\/www.herztoenchen.com\/ukulelefee\/wp-json\/wp\/v2\/product_cat?post=28857"},{"taxonomy":"product_tag","embeddable":true,"href":"https:\/\/www.herztoenchen.com\/ukulelefee\/wp-json\/wp\/v2\/product_tag?post=28857"}],"curies":[{"name":"wp","href":"https:\/\/api.w.org\/{rel}","templated":true}]}}