{"id":28813,"date":"2022-01-05T12:54:42","date_gmt":"2022-01-05T11:54:42","guid":{"rendered":"https:\/\/www.herztoenchen.com\/ukulelefee\/?post_type=product&#038;p=28813"},"modified":"2022-12-23T17:29:17","modified_gmt":"2022-12-23T16:29:17","slug":"e-book-meine-ukulele-und-ich-zu-weihnachten","status":"publish","type":"product","link":"https:\/\/www.herztoenchen.com\/ukulelefee\/shop\/e-book\/e-book-meine-ukulele-und-ich-zu-weihnachten\/","title":{"rendered":"E-Book: &#8222;Meine Ukulele und ich zu Weihnachten&#8220; (ePub)"},"content":{"rendered":"<p>In &#8222;Meine Ukulele und ich&#8220; werden Sie nicht allein gelassen. Mit Hilfe der Erl\u00e4uterungen k\u00f6nnen auch absolute Anf\u00e4ngerinnen bzw. Anf\u00e4nger leicht in das gemeinsame Spiel der so beliebten <span id=\"more_text\">Weihnachtslieder einsteigen! Gemeinsames Musizieren ist wohl zu keiner Zeit sch\u00f6ner, als zur Weihnachtszeit!<br \/>\nJedes Weihnachtslied ist begleitet von einer Erkl\u00e4rung, den Akkordsymbolen und zumindest der Anfangsmelodie, notiert in gewohnter und in Tabulatur Schreibweise. Es wird Ihnen einfach gemacht, z.B. mit anderen Instrumenten, wie mit Blockfl\u00f6ten-Anf\u00e4ngerinnen bzw. -Anf\u00e4nger zusammen zu spielen.<br \/>\nZudem ist es eine praktische Sammlung Weihnachtslieder, die nicht nur jeder kennt, sondern auch jedes Jahr auf Neue immer wieder gern gespielt werden k\u00f6nnen!<\/span><\/p>\n<p>ACHTUNG: Die Download Datei ist ausschlie\u00dflich auf E-Book Reader zu lesen, wie z.B. auf Kindle, Tolino oder der &#8222;B\u00fccher&#8220; App auf iOS Ger\u00e4ten. Es ist KEIN *pdf und nicht druckbar.<\/p>\n<h2>Songliste:<\/h2>\n<p>Alle Jahre wieder<\/p>\n<p>Der kleine Trommler<\/p>\n<p>Es wird scho glei dumpa<\/p>\n<p>Funkel, funkel, kleiner Stern<\/p>\n<p>Go, Tell It On The Mountain<\/p>\n<p>Ihr Kinderlein kommet<\/p>\n<p>Jingle Bells<\/p>\n<p>Kling, Gl\u00f6ckchen, kling<\/p>\n<p>Lasst uns froh und munter sein<\/p>\n<p>Leise rieselt der Schnee<\/p>\n<p>Oh Tannenbaum<\/p>\n<p>Schneefl\u00f6ckchen, Wei\u00dfr\u00f6ckchen<\/p>\n<p>Stille Nacht<\/p>\n<p>Still, still, still<\/p>\n<p>Weihnachtsstern<\/p>\n<p>We Wish You A Merry Christmas<\/p>\n","protected":false},"excerpt":{"rendered":"<p>16 Songs f\u00fcr den Advent und f\u00fcr Weihnachten mit Erl\u00e4uterungen f\u00fcr den schnellen Einstieg ins Ukulelespiel.<br \/>\nE-Book, DIN A4, 40 Seiten als pdf-Datei. E-Book Reader ist zum Lesen notwendig.<br \/>\nErscheinungsdatum: 8.12.2021<\/p>\n","protected":false},"featured_media":28803,"template":"","meta":{"jetpack_publicize_message":"Songbook: \"Meine Ukulele und ich zu Weihnachten\"","jetpack_publicize_feature_enabled":true,"jetpack_social_post_already_shared":true,"jetpack_social_options":{"image_generator_settings":{"template":"highway","default_image_id":0,"font":"","enabled":false},"version":2}},"product_brand":[],"product_cat":[279,278],"product_tag":[271,273,275,274,269,272,268,276,270,277],"class_list":{"0":"post-28813","1":"product","2":"type-product","3":"status-publish","4":"has-post-thumbnail","6":"product_cat-e-book","7":"product_cat-songbook","8":"product_tag-advent","9":"product_tag-akkorde","10":"product_tag-christmas","11":"product_tag-griffbilder","12":"product_tag-songbook","13":"product_tag-tabulatur","14":"product_tag-ukulele","15":"product_tag-ukulelenoten","16":"product_tag-weihnachten","17":"product_tag-weihnachtslieder","19":"first","20":"instock","21":"downloadable","22":"virtual","23":"purchasable","24":"product-type-simple"},"yoast_head":"<!-- This site is optimized with the Yoast SEO plugin v23.7 - https:\/\/yoast.com\/wordpress\/plugins\/seo\/ -->\n<title>E-Book: &quot;Meine Ukulele und ich zu Weihnachten&quot; (ePub) - UkuleleFee<\/title>\n<meta name=\"robots\" content=\"index, follow, max-snippet:-1, max-image-preview:large, max-video-preview:-1\" \/>\n<link rel=\"canonical\" href=\"https:\/\/www.herztoenchen.com\/ukulelefee\/shop\/songbook\/e-book-meine-ukulele-und-ich-zu-weihnachten\/\" \/>\n<meta property=\"og:locale\" content=\"de_DE\" \/>\n<meta property=\"og:type\" content=\"article\" \/>\n<meta property=\"og:title\" content=\"E-Book: &quot;Meine Ukulele und ich zu Weihnachten&quot; (ePub) - UkuleleFee\" \/>\n<meta property=\"og:description\" content=\"16 Songs f\u00fcr den Advent und f\u00fcr Weihnachten mit Erl\u00e4uterungen f\u00fcr den schnellen Einstieg ins Ukulelespiel. E-Book, DIN A4, 40 Seiten als pdf-Datei. E-Book Reader ist zum Lesen notwendig. Erscheinungsdatum: 8.12.2021\" \/>\n<meta property=\"og:url\" content=\"https:\/\/www.herztoenchen.com\/ukulelefee\/shop\/songbook\/e-book-meine-ukulele-und-ich-zu-weihnachten\/\" \/>\n<meta property=\"og:site_name\" content=\"UkuleleFee\" \/>\n<meta property=\"article:publisher\" content=\"https:\/\/www.facebook.com\/gabigrafeneder\" \/>\n<meta property=\"article:modified_time\" content=\"2022-12-23T16:29:17+00:00\" \/>\n<meta property=\"og:image\" content=\"https:\/\/www.herztoenchen.com\/ukulelefee\/wp-content\/uploads\/2022\/01\/Cover-Ukulele-Weihnacht-2021_V08_mit-Schatten_quadratisch-1-1024x1024.png\" \/>\n\t<meta property=\"og:image:width\" content=\"1024\" \/>\n\t<meta property=\"og:image:height\" content=\"1024\" \/>\n\t<meta property=\"og:image:type\" content=\"image\/png\" \/>\n<meta name=\"twitter:card\" content=\"summary_large_image\" \/>\n<meta name=\"twitter:label1\" content=\"Gesch\u00e4tzte Lesezeit\" \/>\n\t<meta name=\"twitter:data1\" content=\"1\u00a0Minute\" \/>\n<script type=\"application\/ld+json\" class=\"yoast-schema-graph\">{\"@context\":\"https:\/\/schema.org\",\"@graph\":[{\"@type\":\"WebPage\",\"@id\":\"https:\/\/www.herztoenchen.com\/ukulelefee\/shop\/songbook\/e-book-meine-ukulele-und-ich-zu-weihnachten\/\",\"url\":\"https:\/\/www.herztoenchen.com\/ukulelefee\/shop\/songbook\/e-book-meine-ukulele-und-ich-zu-weihnachten\/\",\"name\":\"E-Book: \\\"Meine Ukulele und ich zu Weihnachten\\\" (ePub) - UkuleleFee\",\"isPartOf\":{\"@id\":\"https:\/\/www.herztoenchen.com\/ukulelefee\/#website\"},\"primaryImageOfPage\":{\"@id\":\"https:\/\/www.herztoenchen.com\/ukulelefee\/shop\/songbook\/e-book-meine-ukulele-und-ich-zu-weihnachten\/#primaryimage\"},\"image\":{\"@id\":\"https:\/\/www.herztoenchen.com\/ukulelefee\/shop\/songbook\/e-book-meine-ukulele-und-ich-zu-weihnachten\/#primaryimage\"},\"thumbnailUrl\":\"https:\/\/i0.wp.com\/www.herztoenchen.com\/ukulelefee\/wp-content\/uploads\/2022\/01\/Cover-Ukulele-Weihnacht-2021_V08_mit-Schatten_quadratisch-1.png?fit=3514%2C3514&ssl=1\",\"datePublished\":\"2022-01-05T11:54:42+00:00\",\"dateModified\":\"2022-12-23T16:29:17+00:00\",\"breadcrumb\":{\"@id\":\"https:\/\/www.herztoenchen.com\/ukulelefee\/shop\/songbook\/e-book-meine-ukulele-und-ich-zu-weihnachten\/#breadcrumb\"},\"inLanguage\":\"de\",\"potentialAction\":[{\"@type\":\"ReadAction\",\"target\":[\"https:\/\/www.herztoenchen.com\/ukulelefee\/shop\/songbook\/e-book-meine-ukulele-und-ich-zu-weihnachten\/\"]}]},{\"@type\":\"ImageObject\",\"inLanguage\":\"de\",\"@id\":\"https:\/\/www.herztoenchen.com\/ukulelefee\/shop\/songbook\/e-book-meine-ukulele-und-ich-zu-weihnachten\/#primaryimage\",\"url\":\"https:\/\/i0.wp.com\/www.herztoenchen.com\/ukulelefee\/wp-content\/uploads\/2022\/01\/Cover-Ukulele-Weihnacht-2021_V08_mit-Schatten_quadratisch-1.png?fit=3514%2C3514&ssl=1\",\"contentUrl\":\"https:\/\/i0.wp.com\/www.herztoenchen.com\/ukulelefee\/wp-content\/uploads\/2022\/01\/Cover-Ukulele-Weihnacht-2021_V08_mit-Schatten_quadratisch-1.png?fit=3514%2C3514&ssl=1\",\"width\":3514,\"height\":3514},{\"@type\":\"BreadcrumbList\",\"@id\":\"https:\/\/www.herztoenchen.com\/ukulelefee\/shop\/songbook\/e-book-meine-ukulele-und-ich-zu-weihnachten\/#breadcrumb\",\"itemListElement\":[{\"@type\":\"ListItem\",\"position\":1,\"name\":\"Startseite\",\"item\":\"https:\/\/www.herztoenchen.com\/ukulelefee\/\"},{\"@type\":\"ListItem\",\"position\":2,\"name\":\"Shop\",\"item\":\"https:\/\/www.herztoenchen.com\/ukulelefee\/?page_id=14\"},{\"@type\":\"ListItem\",\"position\":3,\"name\":\"E-Book: &#8222;Meine Ukulele und ich zu Weihnachten&#8220; (ePub)\"}]},{\"@type\":\"WebSite\",\"@id\":\"https:\/\/www.herztoenchen.com\/ukulelefee\/#website\",\"url\":\"https:\/\/www.herztoenchen.com\/ukulelefee\/\",\"name\":\"UkuleleFee\",\"description\":\"Ukulele, ein Instrument f\u00fcr alle\",\"publisher\":{\"@id\":\"https:\/\/www.herztoenchen.com\/ukulelefee\/#\/schema\/person\/3ba787abfc8913340575bb10e0150557\"},\"potentialAction\":[{\"@type\":\"SearchAction\",\"target\":{\"@type\":\"EntryPoint\",\"urlTemplate\":\"https:\/\/www.herztoenchen.com\/ukulelefee\/?s={search_term_string}\"},\"query-input\":{\"@type\":\"PropertyValueSpecification\",\"valueRequired\":true,\"valueName\":\"search_term_string\"}}],\"inLanguage\":\"de\"},{\"@type\":[\"Person\",\"Organization\"],\"@id\":\"https:\/\/www.herztoenchen.com\/ukulelefee\/#\/schema\/person\/3ba787abfc8913340575bb10e0150557\",\"name\":\"Gabriela\",\"image\":{\"@type\":\"ImageObject\",\"inLanguage\":\"de\",\"@id\":\"https:\/\/www.herztoenchen.com\/ukulelefee\/#\/schema\/person\/image\/\",\"url\":\"https:\/\/i0.wp.com\/www.herztoenchen.com\/ukulelefee\/wp-content\/uploads\/2023\/05\/400dpiLogoCropped_400px_MSGFarben.png?fit=400%2C400&ssl=1\",\"contentUrl\":\"https:\/\/i0.wp.com\/www.herztoenchen.com\/ukulelefee\/wp-content\/uploads\/2023\/05\/400dpiLogoCropped_400px_MSGFarben.png?fit=400%2C400&ssl=1\",\"width\":400,\"height\":400,\"caption\":\"Gabriela\"},\"logo\":{\"@id\":\"https:\/\/www.herztoenchen.com\/ukulelefee\/#\/schema\/person\/image\/\"},\"description\":\"Gabriela Grafeneder ist eine leidenschaftliche Ukulelelehrerin und YouTuberin aus \u00d6sterreich. Seit 2017 unterrichtet sie Ukulele in Form von Einzelunterricht und Workshops, sowohl in Pr\u00e4senz als auch online. Gabriela legt gro\u00dfen Wert darauf, dass ihre Sch\u00fcler*innen in ihrem Unterricht eine entspannte und motivierende Atmosph\u00e4re vorfinden, in der sie ihre musikalischen F\u00e4higkeiten entfalten und weiterentwickeln k\u00f6nnen. Auf ihrem YouTube-Kanal \\\"Ukulelefee\\\" begeistert Gabriela Grafeneder ihre Abonnentinnen mit ihren kreativen Videos rund um die Ukulele. Sie zeigt, wie man verschiedene Lieder und Akkorde auf der Ukulele spielt und gibt n\u00fctzliche Tipps und Tricks f\u00fcr Anf\u00e4ngerinnen und Fortgeschrittene. Durch ihre offene und zug\u00e4ngliche Art und ihre Begeisterung f\u00fcr die Ukulele hat Gabriela Grafeneder eine wachsende Fangemeinde aufgebaut und sich zu einer wichtigen Pers\u00f6nlichkeit in der Ukulele-Community entwickelt.\",\"sameAs\":[\"http:\/\/www.ukulelefee.at\",\"https:\/\/www.facebook.com\/gabigrafeneder\",\"https:\/\/www.instagram.com\/ukulelefee\/\",\"https:\/\/www.youtube.com\/ukulelefee\"]}]}<\/script>\n<!-- \/ Yoast SEO plugin. -->","yoast_head_json":{"title":"E-Book: \"Meine Ukulele und ich zu Weihnachten\" (ePub) - UkuleleFee","robots":{"index":"index","follow":"follow","max-snippet":"max-snippet:-1","max-image-preview":"max-image-preview:large","max-video-preview":"max-video-preview:-1"},"canonical":"https:\/\/www.herztoenchen.com\/ukulelefee\/shop\/songbook\/e-book-meine-ukulele-und-ich-zu-weihnachten\/","og_locale":"de_DE","og_type":"article","og_title":"E-Book: \"Meine Ukulele und ich zu Weihnachten\" (ePub) - UkuleleFee","og_description":"16 Songs f\u00fcr den Advent und f\u00fcr Weihnachten mit Erl\u00e4uterungen f\u00fcr den schnellen Einstieg ins Ukulelespiel. E-Book, DIN A4, 40 Seiten als pdf-Datei. E-Book Reader ist zum Lesen notwendig. Erscheinungsdatum: 8.12.2021","og_url":"https:\/\/www.herztoenchen.com\/ukulelefee\/shop\/songbook\/e-book-meine-ukulele-und-ich-zu-weihnachten\/","og_site_name":"UkuleleFee","article_publisher":"https:\/\/www.facebook.com\/gabigrafeneder","article_modified_time":"2022-12-23T16:29:17+00:00","og_image":[{"width":1024,"height":1024,"url":"https:\/\/www.herztoenchen.com\/ukulelefee\/wp-content\/uploads\/2022\/01\/Cover-Ukulele-Weihnacht-2021_V08_mit-Schatten_quadratisch-1-1024x1024.png","type":"image\/png"}],"twitter_card":"summary_large_image","twitter_misc":{"Gesch\u00e4tzte Lesezeit":"1\u00a0Minute"},"schema":{"@context":"https:\/\/schema.org","@graph":[{"@type":"WebPage","@id":"https:\/\/www.herztoenchen.com\/ukulelefee\/shop\/songbook\/e-book-meine-ukulele-und-ich-zu-weihnachten\/","url":"https:\/\/www.herztoenchen.com\/ukulelefee\/shop\/songbook\/e-book-meine-ukulele-und-ich-zu-weihnachten\/","name":"E-Book: \"Meine Ukulele und ich zu Weihnachten\" (ePub) - UkuleleFee","isPartOf":{"@id":"https:\/\/www.herztoenchen.com\/ukulelefee\/#website"},"primaryImageOfPage":{"@id":"https:\/\/www.herztoenchen.com\/ukulelefee\/shop\/songbook\/e-book-meine-ukulele-und-ich-zu-weihnachten\/#primaryimage"},"image":{"@id":"https:\/\/www.herztoenchen.com\/ukulelefee\/shop\/songbook\/e-book-meine-ukulele-und-ich-zu-weihnachten\/#primaryimage"},"thumbnailUrl":"https:\/\/i0.wp.com\/www.herztoenchen.com\/ukulelefee\/wp-content\/uploads\/2022\/01\/Cover-Ukulele-Weihnacht-2021_V08_mit-Schatten_quadratisch-1.png?fit=3514%2C3514&ssl=1","datePublished":"2022-01-05T11:54:42+00:00","dateModified":"2022-12-23T16:29:17+00:00","breadcrumb":{"@id":"https:\/\/www.herztoenchen.com\/ukulelefee\/shop\/songbook\/e-book-meine-ukulele-und-ich-zu-weihnachten\/#breadcrumb"},"inLanguage":"de","potentialAction":[{"@type":"ReadAction","target":["https:\/\/www.herztoenchen.com\/ukulelefee\/shop\/songbook\/e-book-meine-ukulele-und-ich-zu-weihnachten\/"]}]},{"@type":"ImageObject","inLanguage":"de","@id":"https:\/\/www.herztoenchen.com\/ukulelefee\/shop\/songbook\/e-book-meine-ukulele-und-ich-zu-weihnachten\/#primaryimage","url":"https:\/\/i0.wp.com\/www.herztoenchen.com\/ukulelefee\/wp-content\/uploads\/2022\/01\/Cover-Ukulele-Weihnacht-2021_V08_mit-Schatten_quadratisch-1.png?fit=3514%2C3514&ssl=1","contentUrl":"https:\/\/i0.wp.com\/www.herztoenchen.com\/ukulelefee\/wp-content\/uploads\/2022\/01\/Cover-Ukulele-Weihnacht-2021_V08_mit-Schatten_quadratisch-1.png?fit=3514%2C3514&ssl=1","width":3514,"height":3514},{"@type":"BreadcrumbList","@id":"https:\/\/www.herztoenchen.com\/ukulelefee\/shop\/songbook\/e-book-meine-ukulele-und-ich-zu-weihnachten\/#breadcrumb","itemListElement":[{"@type":"ListItem","position":1,"name":"Startseite","item":"https:\/\/www.herztoenchen.com\/ukulelefee\/"},{"@type":"ListItem","position":2,"name":"Shop","item":"https:\/\/www.herztoenchen.com\/ukulelefee\/?page_id=14"},{"@type":"ListItem","position":3,"name":"E-Book: &#8222;Meine Ukulele und ich zu Weihnachten&#8220; (ePub)"}]},{"@type":"WebSite","@id":"https:\/\/www.herztoenchen.com\/ukulelefee\/#website","url":"https:\/\/www.herztoenchen.com\/ukulelefee\/","name":"UkuleleFee","description":"Ukulele, ein Instrument f\u00fcr alle","publisher":{"@id":"https:\/\/www.herztoenchen.com\/ukulelefee\/#\/schema\/person\/3ba787abfc8913340575bb10e0150557"},"potentialAction":[{"@type":"SearchAction","target":{"@type":"EntryPoint","urlTemplate":"https:\/\/www.herztoenchen.com\/ukulelefee\/?s={search_term_string}"},"query-input":{"@type":"PropertyValueSpecification","valueRequired":true,"valueName":"search_term_string"}}],"inLanguage":"de"},{"@type":["Person","Organization"],"@id":"https:\/\/www.herztoenchen.com\/ukulelefee\/#\/schema\/person\/3ba787abfc8913340575bb10e0150557","name":"Gabriela","image":{"@type":"ImageObject","inLanguage":"de","@id":"https:\/\/www.herztoenchen.com\/ukulelefee\/#\/schema\/person\/image\/","url":"https:\/\/i0.wp.com\/www.herztoenchen.com\/ukulelefee\/wp-content\/uploads\/2023\/05\/400dpiLogoCropped_400px_MSGFarben.png?fit=400%2C400&ssl=1","contentUrl":"https:\/\/i0.wp.com\/www.herztoenchen.com\/ukulelefee\/wp-content\/uploads\/2023\/05\/400dpiLogoCropped_400px_MSGFarben.png?fit=400%2C400&ssl=1","width":400,"height":400,"caption":"Gabriela"},"logo":{"@id":"https:\/\/www.herztoenchen.com\/ukulelefee\/#\/schema\/person\/image\/"},"description":"Gabriela Grafeneder ist eine leidenschaftliche Ukulelelehrerin und YouTuberin aus \u00d6sterreich. Seit 2017 unterrichtet sie Ukulele in Form von Einzelunterricht und Workshops, sowohl in Pr\u00e4senz als auch online. Gabriela legt gro\u00dfen Wert darauf, dass ihre Sch\u00fcler*innen in ihrem Unterricht eine entspannte und motivierende Atmosph\u00e4re vorfinden, in der sie ihre musikalischen F\u00e4higkeiten entfalten und weiterentwickeln k\u00f6nnen. Auf ihrem YouTube-Kanal \"Ukulelefee\" begeistert Gabriela Grafeneder ihre Abonnentinnen mit ihren kreativen Videos rund um die Ukulele. Sie zeigt, wie man verschiedene Lieder und Akkorde auf der Ukulele spielt und gibt n\u00fctzliche Tipps und Tricks f\u00fcr Anf\u00e4ngerinnen und Fortgeschrittene. Durch ihre offene und zug\u00e4ngliche Art und ihre Begeisterung f\u00fcr die Ukulele hat Gabriela Grafeneder eine wachsende Fangemeinde aufgebaut und sich zu einer wichtigen Pers\u00f6nlichkeit in der Ukulele-Community entwickelt.","sameAs":["http:\/\/www.ukulelefee.at","https:\/\/www.facebook.com\/gabigrafeneder","https:\/\/www.instagram.com\/ukulelefee\/","https:\/\/www.youtube.com\/ukulelefee"]}]}},"jetpack_publicize_connections":[],"jetpack_sharing_enabled":true,"jetpack-related-posts":[{"id":28798,"url":"https:\/\/www.herztoenchen.com\/ukulelefee\/shop\/songbook\/songbook-meine-ukulele-und-ich-zu-weihnachten\/","url_meta":{"origin":28813,"position":0},"title":"Songbook: &#8222;Meine Ukulele und ich zu Weihnachten&#8220;","author":"Gabriela","date":"4. Januar 2022","format":false,"excerpt":"16 Songs f\u00fcr den Advent und f\u00fcr Weihnachten mit Erl\u00e4uterungen f\u00fcr den schnellen Einstieg ins Ukulelespiel. Songbook f\u00fcr Anf\u00e4nger geeignet, Heftbindung, DIN A4, 40 Seiten Erscheinungsdatum: 8.12.2021","rel":"","context":"Mit 1 Kommentar","block_context":{"text":"Mit 1 Kommentar","link":"https:\/\/www.herztoenchen.com\/ukulelefee\/shop\/songbook\/songbook-meine-ukulele-und-ich-zu-weihnachten\/#comments"},"img":{"alt_text":"","src":"https:\/\/i0.wp.com\/www.herztoenchen.com\/ukulelefee\/wp-content\/uploads\/2022\/01\/Cover-Ukulele-Weihnacht-2021_V08_mit-Schatten_quadratisch-1.png?fit=1200%2C1200&ssl=1&resize=350%2C200","width":350,"height":200,"srcset":"https:\/\/i0.wp.com\/www.herztoenchen.com\/ukulelefee\/wp-content\/uploads\/2022\/01\/Cover-Ukulele-Weihnacht-2021_V08_mit-Schatten_quadratisch-1.png?fit=1200%2C1200&ssl=1&resize=350%2C200 1x, https:\/\/i0.wp.com\/www.herztoenchen.com\/ukulelefee\/wp-content\/uploads\/2022\/01\/Cover-Ukulele-Weihnacht-2021_V08_mit-Schatten_quadratisch-1.png?fit=1200%2C1200&ssl=1&resize=525%2C300 1.5x, https:\/\/i0.wp.com\/www.herztoenchen.com\/ukulelefee\/wp-content\/uploads\/2022\/01\/Cover-Ukulele-Weihnacht-2021_V08_mit-Schatten_quadratisch-1.png?fit=1200%2C1200&ssl=1&resize=700%2C400 2x, https:\/\/i0.wp.com\/www.herztoenchen.com\/ukulelefee\/wp-content\/uploads\/2022\/01\/Cover-Ukulele-Weihnacht-2021_V08_mit-Schatten_quadratisch-1.png?fit=1200%2C1200&ssl=1&resize=1050%2C600 3x"},"classes":[]},{"id":28909,"url":"https:\/\/www.herztoenchen.com\/ukulelefee\/shop\/songbook\/songbook-meine-ukulele-und-ich-schule-fuer-kids\/","url_meta":{"origin":28813,"position":1},"title":"Ukuleleschule: &#8222;Meine Ukulele und ich &#8211; Schule f\u00fcr Kids&#8220;","author":"Gabriela","date":"9. September 2022","format":false,"excerpt":"**Meine Ukulele und ich \u2013 Schule f\u00fcr Kids** ist die perfekte Ukulelenschule f\u00fcr Kinder ab 5 Jahren, die mit Spa\u00df und ohne Notenzwang ins Musizieren einsteigen m\u00f6chten. Das Buch kombiniert Melodiespiel und Akkordspiel und f\u00fchrt spielerisch in Schlag- und Zupftechniken ein. Mit p\u00e4dagogisch erprobten \u00dcbungen, bekannten Kinderliedern und kreativen Aufgaben\u2026","rel":"","context":"Mit 3 Kommentaren","block_context":{"text":"Mit 3 Kommentaren","link":"https:\/\/www.herztoenchen.com\/ukulelefee\/shop\/songbook\/songbook-meine-ukulele-und-ich-schule-fuer-kids\/#comments"},"img":{"alt_text":"","src":"https:\/\/i0.wp.com\/www.herztoenchen.com\/ukulelefee\/wp-content\/uploads\/2022\/09\/Cover-Ukulele-Schule-2022_V02_quadratisch.png?fit=1200%2C1200&ssl=1&resize=350%2C200","width":350,"height":200,"srcset":"https:\/\/i0.wp.com\/www.herztoenchen.com\/ukulelefee\/wp-content\/uploads\/2022\/09\/Cover-Ukulele-Schule-2022_V02_quadratisch.png?fit=1200%2C1200&ssl=1&resize=350%2C200 1x, https:\/\/i0.wp.com\/www.herztoenchen.com\/ukulelefee\/wp-content\/uploads\/2022\/09\/Cover-Ukulele-Schule-2022_V02_quadratisch.png?fit=1200%2C1200&ssl=1&resize=525%2C300 1.5x, https:\/\/i0.wp.com\/www.herztoenchen.com\/ukulelefee\/wp-content\/uploads\/2022\/09\/Cover-Ukulele-Schule-2022_V02_quadratisch.png?fit=1200%2C1200&ssl=1&resize=700%2C400 2x, https:\/\/i0.wp.com\/www.herztoenchen.com\/ukulelefee\/wp-content\/uploads\/2022\/09\/Cover-Ukulele-Schule-2022_V02_quadratisch.png?fit=1200%2C1200&ssl=1&resize=1050%2C600 3x"},"classes":[]},{"id":29698,"url":"https:\/\/www.herztoenchen.com\/ukulelefee\/shop\/ukulelen\/ukulele-love-mahagoni-konzert-kopie\/","url_meta":{"origin":28813,"position":2},"title":"Ukulele &#8222;Love&#8220; (Mahagoni, Konzert)","author":"Gabriela","date":"10. Februar 2026","format":false,"excerpt":"Die Love Ukulele aus Mahagoni von ToDo Music ist eine warm klingende Concert-Ukulele mit sanfter Ansprache und klarer Botschaft.Gefertigt aus massivem Mahagoni steht sie f\u00fcr Verbindung, Offenheit und musikalische N\u00e4he \u2013 ideal f\u00fcr Einsteiger:innen und fortgeschrittene Spieler:innen.","rel":"","context":"\u00c4hnlicher Beitrag","block_context":{"text":"\u00c4hnlicher Beitrag","link":""},"img":{"alt_text":"","src":"https:\/\/i0.wp.com\/www.herztoenchen.com\/ukulelefee\/wp-content\/uploads\/2026\/02\/2.png?fit=1000%2C1000&ssl=1&resize=350%2C200","width":350,"height":200,"srcset":"https:\/\/i0.wp.com\/www.herztoenchen.com\/ukulelefee\/wp-content\/uploads\/2026\/02\/2.png?fit=1000%2C1000&ssl=1&resize=350%2C200 1x, https:\/\/i0.wp.com\/www.herztoenchen.com\/ukulelefee\/wp-content\/uploads\/2026\/02\/2.png?fit=1000%2C1000&ssl=1&resize=525%2C300 1.5x, https:\/\/i0.wp.com\/www.herztoenchen.com\/ukulelefee\/wp-content\/uploads\/2026\/02\/2.png?fit=1000%2C1000&ssl=1&resize=700%2C400 2x"},"classes":[]},{"id":29753,"url":"https:\/\/www.herztoenchen.com\/ukulelefee\/shop\/gutschein\/8-wochen-dranbleiben\/","url_meta":{"origin":28813,"position":3},"title":"Ukulelefee Circle &#8211; 8 Wochen Dranbleiben","author":"Gabriela","date":"13. Februar 2026","format":false,"excerpt":"8 Wochen strukturierte musikalische Begleitung.Videoimpulse, \u00dcbeaufgaben, Challenges, WhatsApp-Begleitung und Feedback.Gesamtpreis 96 \u20ac.","rel":"","context":"\u00c4hnlicher Beitrag","block_context":{"text":"\u00c4hnlicher Beitrag","link":""},"img":{"alt_text":"","src":"https:\/\/i0.wp.com\/www.herztoenchen.com\/ukulelefee\/wp-content\/uploads\/2026\/02\/Titelbild-Ukulele-von-Zuhause.png?fit=1200%2C675&ssl=1&resize=350%2C200","width":350,"height":200,"srcset":"https:\/\/i0.wp.com\/www.herztoenchen.com\/ukulelefee\/wp-content\/uploads\/2026\/02\/Titelbild-Ukulele-von-Zuhause.png?fit=1200%2C675&ssl=1&resize=350%2C200 1x, https:\/\/i0.wp.com\/www.herztoenchen.com\/ukulelefee\/wp-content\/uploads\/2026\/02\/Titelbild-Ukulele-von-Zuhause.png?fit=1200%2C675&ssl=1&resize=525%2C300 1.5x, https:\/\/i0.wp.com\/www.herztoenchen.com\/ukulelefee\/wp-content\/uploads\/2026\/02\/Titelbild-Ukulele-von-Zuhause.png?fit=1200%2C675&ssl=1&resize=700%2C400 2x, https:\/\/i0.wp.com\/www.herztoenchen.com\/ukulelefee\/wp-content\/uploads\/2026\/02\/Titelbild-Ukulele-von-Zuhause.png?fit=1200%2C675&ssl=1&resize=1050%2C600 3x"},"classes":[]},{"id":29704,"url":"https:\/\/www.herztoenchen.com\/ukulelefee\/shop\/ukulelen\/ukulele-der-nil-mahagoni-sopran\/","url_meta":{"origin":28813,"position":4},"title":"Ukulele &#8222;Der Nil&#8220; (Mahagoni laminiert, Sopran)","author":"Gabriela","date":"10. Februar 2026","format":false,"excerpt":"Die Nile Ukulele Mahagoni laminiert Sopran von ToDo Music ist eine robuste, einsteigerfreundliche Ukulele mit warmem, ausgeglichenem Klang.Inspiriert vom Nil verbindet sie Stabilit\u00e4t, Spielfreude und ein ausdrucksstarkes Design \u2013 ideal f\u00fcr den Einstieg und den t\u00e4glichen Gebrauch.","rel":"","context":"\u00c4hnlicher Beitrag","block_context":{"text":"\u00c4hnlicher Beitrag","link":""},"img":{"alt_text":"","src":"https:\/\/i0.wp.com\/www.herztoenchen.com\/ukulelefee\/wp-content\/uploads\/2026\/02\/4.png?fit=1000%2C1000&ssl=1&resize=350%2C200","width":350,"height":200,"srcset":"https:\/\/i0.wp.com\/www.herztoenchen.com\/ukulelefee\/wp-content\/uploads\/2026\/02\/4.png?fit=1000%2C1000&ssl=1&resize=350%2C200 1x, https:\/\/i0.wp.com\/www.herztoenchen.com\/ukulelefee\/wp-content\/uploads\/2026\/02\/4.png?fit=1000%2C1000&ssl=1&resize=525%2C300 1.5x, https:\/\/i0.wp.com\/www.herztoenchen.com\/ukulelefee\/wp-content\/uploads\/2026\/02\/4.png?fit=1000%2C1000&ssl=1&resize=700%2C400 2x"},"classes":[]},{"id":29701,"url":"https:\/\/www.herztoenchen.com\/ukulelefee\/shop\/ukulelen\/ukulele-mountain-fuji-fichte-sopran\/","url_meta":{"origin":28813,"position":5},"title":"Ukulele &#8222;Mountain Fuji&#8220; (Fichte, Sopran)","author":"Gabriela","date":"10. Februar 2026","format":false,"excerpt":"Die Mountain Fuji Ukulele Fichte Sopran von ToDo Music verbindet klare Klangansprache mit ruhiger Tiefe.Die massive Fichtendecke sorgt f\u00fcr Brillanz und Dynamik, w\u00e4hrend der Sopran-Korpus Leichtigkeit und Spielfreude schenkt \u2013 ideal f\u00fcr Anf\u00e4nger:innen und Fortgeschrittene.","rel":"","context":"\u00c4hnlicher Beitrag","block_context":{"text":"\u00c4hnlicher Beitrag","link":""},"img":{"alt_text":"","src":"https:\/\/i0.wp.com\/www.herztoenchen.com\/ukulelefee\/wp-content\/uploads\/2026\/02\/3.png?fit=1000%2C1000&ssl=1&resize=350%2C200","width":350,"height":200,"srcset":"https:\/\/i0.wp.com\/www.herztoenchen.com\/ukulelefee\/wp-content\/uploads\/2026\/02\/3.png?fit=1000%2C1000&ssl=1&resize=350%2C200 1x, https:\/\/i0.wp.com\/www.herztoenchen.com\/ukulelefee\/wp-content\/uploads\/2026\/02\/3.png?fit=1000%2C1000&ssl=1&resize=525%2C300 1.5x, https:\/\/i0.wp.com\/www.herztoenchen.com\/ukulelefee\/wp-content\/uploads\/2026\/02\/3.png?fit=1000%2C1000&ssl=1&resize=700%2C400 2x"},"classes":[]}],"jetpack_likes_enabled":true,"_links":{"self":[{"href":"https:\/\/www.herztoenchen.com\/ukulelefee\/wp-json\/wp\/v2\/product\/28813","targetHints":{"allow":["GET"]}}],"collection":[{"href":"https:\/\/www.herztoenchen.com\/ukulelefee\/wp-json\/wp\/v2\/product"}],"about":[{"href":"https:\/\/www.herztoenchen.com\/ukulelefee\/wp-json\/wp\/v2\/types\/product"}],"wp:featuredmedia":[{"embeddable":true,"href":"https:\/\/www.herztoenchen.com\/ukulelefee\/wp-json\/wp\/v2\/media\/28803"}],"wp:attachment":[{"href":"https:\/\/www.herztoenchen.com\/ukulelefee\/wp-json\/wp\/v2\/media?parent=28813"}],"wp:term":[{"taxonomy":"product_brand","embeddable":true,"href":"https:\/\/www.herztoenchen.com\/ukulelefee\/wp-json\/wp\/v2\/product_brand?post=28813"},{"taxonomy":"product_cat","embeddable":true,"href":"https:\/\/www.herztoenchen.com\/ukulelefee\/wp-json\/wp\/v2\/product_cat?post=28813"},{"taxonomy":"product_tag","embeddable":true,"href":"https:\/\/www.herztoenchen.com\/ukulelefee\/wp-json\/wp\/v2\/product_tag?post=28813"}],"curies":[{"name":"wp","href":"https:\/\/api.w.org\/{rel}","templated":true}]}}