{"id":3,"date":"2018-09-17T15:28:57","date_gmt":"2018-09-17T13:28:57","guid":{"rendered":"http:\/\/www.herztoenchen.com\/ukulelefee\/?page_id=3"},"modified":"2018-10-29T09:58:19","modified_gmt":"2018-10-29T08:58:19","slug":"uebermich","status":"publish","type":"page","link":"https:\/\/www.herztoenchen.com\/ukulelefee\/uebermich\/","title":{"rendered":"Datenschutz"},"content":{"rendered":"<h2>\u00dcber uns<\/h2>\n<p>Die Adresse unserer Website ist: http:\/\/www.herztoenchen.com\/ukulelefee.<\/p>\n<h2>Welche personenbezogenen Daten wir sammeln und warum wir sie sammeln<\/h2>\n<h3>Kommentare<\/h3>\n<p>Wenn Besucher Kommentare auf der Website schreiben, sammeln wir die Daten, die im Kommentar-Formular angezeigt werden, au\u00dferdem die IP-Adresse des Besuchers und den User-Agent-String (damit wird der Browser identifiziert), um die Erkennung von Spam zu unterst\u00fctzen.<\/p>\n<p>Aus deiner E-Mail-Adresse kann eine anonymisierte Zeichenfolge erstellt (auch Hash genannt) und dem Gravatar-Dienst \u00fcbergeben werden, um zu pr\u00fcfen, ob du diesen benutzt. Die Datenschutzerkl\u00e4rung des Gravatar-Dienstes findest du hier: https:\/\/automattic.com\/privacy\/. Nachdem dein Kommentar freigegeben wurde, ist dein Profilbild \u00f6ffentlich im Kontext deines Kommentars sichtbar.<\/p>\n<h3>Medien<\/h3>\n<p>Wenn du ein registrierter Benutzer bist und Fotos auf diese Website l\u00e4dst, solltest du vermeiden, Fotos mit einem EXIF-GPS-Standort hochzuladen. Besucher dieser Website k\u00f6nnten Fotos, die auf dieser Website gespeichert sind, herunterladen und deren Standort-Informationen extrahieren.<\/p>\n<h3>Kontaktformulare<\/h3>\n<h3>Cookies<\/h3>\n<p>Wenn du einen Kommentar auf unserer Website schreibst, kann das eine Einwilligung sein, deinen Namen, E-Mail-Adresse und Website in Cookies zu speichern. Dies ist eine Komfortfunktion, damit du nicht, wenn du einen weiteren Kommentar schreibst, all diese Daten erneut eingeben musst. Diese Cookies werden ein Jahr lang gespeichert.<\/p>\n<p>Falls du ein Konto hast und dich auf dieser Website anmeldest, werden wir ein tempor\u00e4res Cookie setzen, um festzustellen, ob dein Browser Cookies akzeptiert. Dieses Cookie enth\u00e4lt keine personenbezogenen Daten und wird verworfen, wenn du deinen Browser schlie\u00dft.<\/p>\n<p>Wenn du dich anmeldest, werden wir einige Cookies einrichten, um deine Anmeldeinformationen und Anzeigeoptionen zu speichern. Anmelde-Cookies verfallen nach zwei Tagen und Cookies f\u00fcr die Anzeigeoptionen nach einem Jahr. Falls du bei der Anmeldung \u201eAngemeldet bleiben\u201c ausw\u00e4hlst, wird deine Anmeldung zwei Wochen lang aufrechterhalten. Mit der Abmeldung aus deinem Konto werden die Anmelde-Cookies gel\u00f6scht.<\/p>\n<p>Wenn du einen Artikel bearbeitest oder ver\u00f6ffentlichst, wird ein zus\u00e4tzlicher Cookie in deinem Browser gespeichert. Dieser Cookie enth\u00e4lt keine personenbezogenen Daten und verweist nur auf die Beitrags-ID des Artikels, den du gerade bearbeitet hast. Der Cookie verf\u00e4llt nach einem Tag.<\/p>\n<h3>Eingebettete Inhalte von anderen Websites<\/h3>\n<p>Beitr\u00e4ge auf dieser Website k\u00f6nnen eingebettete Inhalte beinhalten (z.\u00a0B. Videos, Bilder, Beitr\u00e4ge etc.). Eingebettete Inhalte von anderen Websites verhalten sich exakt so, als ob der Besucher die andere Website besucht h\u00e4tte.<\/p>\n<p>Diese Websites k\u00f6nnen Daten \u00fcber dich sammeln, Cookies benutzen, zus\u00e4tzliche Tracking-Dienste von Dritten einbetten und deine Interaktion mit diesem eingebetteten Inhalt aufzeichnen, inklusive deiner Interaktion mit dem eingebetteten Inhalt, falls du ein Konto hast und auf dieser Website angemeldet bist.<\/p>\n<h3>Analysedienste<\/h3>\n<p>Um das Interesse der Besucher bedienen zu k\u00f6nnen, werden anonyme Daten von Google Analytics gesammelt und verarbeitet. Dabei wird aber das individuelle Verhalten der Besucher nicht sichtbar, sondern Ergebnisse wie meist besuchte Websites, Browserarten, Herkunftsl\u00e4nder, usw. Wie Google Daten sch\u00fctzt kann man hier nachlesen:\u00a0<a href=\"https:\/\/policies.google.com\/privacy?hl=de\">https:\/\/policies.google.com\/privacy?hl=de<\/a><\/p>\n<h2>Mit wem wir deine Daten teilen<\/h2>\n<p>Diese Website finanziert sich durch Werbeeinnahmen, vorrangig durch das Amazon Affiliate Programm. Zur Zeit sind keine anderen Programme aktiv. Wie dieses Programm Daten unserer Besucher verwaltet und sch\u00fctzt, kann man hier nachlesen:\u00a0<a href=\"https:\/\/www.amazon.de\/gp\/help\/customer\/display.html?nodeId=3312401&amp;ie=UTF8\">https:\/\/www.amazon.de\/gp\/help\/customer\/display.html?nodeId=3312401&amp;ie=UTF8<\/a>.<\/p>\n<h2>Wie lange wir deine Daten speichern<\/h2>\n<p>Wenn du einen Kommentar schreibst, wird dieser inklusive Metadaten zeitlich unbegrenzt gespeichert. Auf diese Art k\u00f6nnen wir Folgekommentare automatisch erkennen und freigeben, anstelle sie in einer Moderations-Warteschlange festzuhalten.<\/p>\n<p>F\u00fcr Benutzer, die sich auf unserer Website registrieren, speichern wir zus\u00e4tzlich die pers\u00f6nlichen Informationen, die sie in ihren Benutzerprofilen angeben. Alle Benutzer k\u00f6nnen jederzeit ihre pers\u00f6nlichen Informationen einsehen, ver\u00e4ndern oder l\u00f6schen (der Benutzername kann nicht ver\u00e4ndert werden). Administratoren der Website k\u00f6nnen diese Informationen ebenfalls einsehen und ver\u00e4ndern.<\/p>\n<h2>Welche Rechte du an deinen Daten hast<\/h2>\n<p>Wenn du ein Konto auf dieser Website besitzt oder Kommentare geschrieben hast, kannst du einen Export deiner personenbezogenen Daten bei uns anfordern, inklusive aller Daten, die du uns mitgeteilt hast. Dar\u00fcber hinaus kannst du die L\u00f6schung aller personenbezogenen Daten, die wir von dir gespeichert haben, anfordern. Dies umfasst nicht die Daten, die wir aufgrund administrativer, rechtlicher oder sicherheitsrelevanter Notwendigkeiten aufbewahren m\u00fcssen.<\/p>\n<h2>Wohin wir deine Daten senden<\/h2>\n<p>Besucher-Kommentare k\u00f6nnten von einem automatisierten Dienst zur Spam-Erkennung untersucht werden.<\/p>\n<h2>Kontakt-Informationen<\/h2>\n<p>Gabriela Grafeneder<br \/>\n0650 24 73 819<br \/>\n<a href=\"mailto:gabriela@ukulelefee.at\">gabriela@ukulelefee.at<\/a><\/p>\n<h2><\/h2>\n<h3><\/h3>\n","protected":false},"excerpt":{"rendered":"<p>\u00dcber uns Die Adresse unserer Website ist: http:\/\/www.herztoenchen.com\/ukulelefee. Welche personenbezogenen Daten wir sammeln und warum wir sie sammeln Kommentare Wenn Besucher Kommentare auf der Website schreiben, sammeln wir die Daten, die im Kommentar-Formular angezeigt werden, au\u00dferdem die IP-Adresse des Besuchers und den User-Agent-String (damit wird der Browser identifiziert), um die Erkennung von Spam zu unterst\u00fctzen. [&hellip;]<\/p>\n","protected":false},"author":1,"featured_media":0,"parent":0,"menu_order":0,"comment_status":"closed","ping_status":"open","template":"","meta":{"footnotes":""},"class_list":["post-3","page","type-page","status-publish","hentry"],"yoast_head":"<!-- This site is optimized with the Yoast SEO plugin v23.7 - https:\/\/yoast.com\/wordpress\/plugins\/seo\/ -->\n<title>Datenschutz - UkuleleFee<\/title>\n<meta name=\"robots\" content=\"index, follow, max-snippet:-1, max-image-preview:large, max-video-preview:-1\" \/>\n<link rel=\"canonical\" href=\"https:\/\/www.herztoenchen.com\/ukulelefee\/uebermich\/\" \/>\n<meta property=\"og:locale\" content=\"de_DE\" \/>\n<meta property=\"og:type\" content=\"article\" \/>\n<meta property=\"og:title\" content=\"Datenschutz - UkuleleFee\" \/>\n<meta property=\"og:description\" content=\"\u00dcber uns Die Adresse unserer Website ist: http:\/\/www.herztoenchen.com\/ukulelefee. Welche personenbezogenen Daten wir sammeln und warum wir sie sammeln Kommentare Wenn Besucher Kommentare auf der Website schreiben, sammeln wir die Daten, die im Kommentar-Formular angezeigt werden, au\u00dferdem die IP-Adresse des Besuchers und den User-Agent-String (damit wird der Browser identifiziert), um die Erkennung von Spam zu unterst\u00fctzen. [&hellip;]\" \/>\n<meta property=\"og:url\" content=\"https:\/\/www.herztoenchen.com\/ukulelefee\/uebermich\/\" \/>\n<meta property=\"og:site_name\" content=\"UkuleleFee\" \/>\n<meta property=\"article:publisher\" content=\"https:\/\/www.facebook.com\/gabigrafeneder\" \/>\n<meta property=\"article:modified_time\" content=\"2018-10-29T08:58:19+00:00\" \/>\n<meta name=\"twitter:card\" content=\"summary_large_image\" \/>\n<meta name=\"twitter:label1\" content=\"Gesch\u00e4tzte Lesezeit\" \/>\n\t<meta name=\"twitter:data1\" content=\"4\u00a0Minuten\" \/>\n<script type=\"application\/ld+json\" class=\"yoast-schema-graph\">{\"@context\":\"https:\/\/schema.org\",\"@graph\":[{\"@type\":\"WebPage\",\"@id\":\"https:\/\/www.herztoenchen.com\/ukulelefee\/uebermich\/\",\"url\":\"https:\/\/www.herztoenchen.com\/ukulelefee\/uebermich\/\",\"name\":\"Datenschutz - UkuleleFee\",\"isPartOf\":{\"@id\":\"https:\/\/www.herztoenchen.com\/ukulelefee\/#website\"},\"datePublished\":\"2018-09-17T13:28:57+00:00\",\"dateModified\":\"2018-10-29T08:58:19+00:00\",\"breadcrumb\":{\"@id\":\"https:\/\/www.herztoenchen.com\/ukulelefee\/uebermich\/#breadcrumb\"},\"inLanguage\":\"de\",\"potentialAction\":[{\"@type\":\"ReadAction\",\"target\":[\"https:\/\/www.herztoenchen.com\/ukulelefee\/uebermich\/\"]}]},{\"@type\":\"BreadcrumbList\",\"@id\":\"https:\/\/www.herztoenchen.com\/ukulelefee\/uebermich\/#breadcrumb\",\"itemListElement\":[{\"@type\":\"ListItem\",\"position\":1,\"name\":\"Startseite\",\"item\":\"https:\/\/www.herztoenchen.com\/ukulelefee\/\"},{\"@type\":\"ListItem\",\"position\":2,\"name\":\"Datenschutz\"}]},{\"@type\":\"WebSite\",\"@id\":\"https:\/\/www.herztoenchen.com\/ukulelefee\/#website\",\"url\":\"https:\/\/www.herztoenchen.com\/ukulelefee\/\",\"name\":\"UkuleleFee\",\"description\":\"Ukulele, ein Instrument f\u00fcr alle\",\"publisher\":{\"@id\":\"https:\/\/www.herztoenchen.com\/ukulelefee\/#\/schema\/person\/3ba787abfc8913340575bb10e0150557\"},\"potentialAction\":[{\"@type\":\"SearchAction\",\"target\":{\"@type\":\"EntryPoint\",\"urlTemplate\":\"https:\/\/www.herztoenchen.com\/ukulelefee\/?s={search_term_string}\"},\"query-input\":{\"@type\":\"PropertyValueSpecification\",\"valueRequired\":true,\"valueName\":\"search_term_string\"}}],\"inLanguage\":\"de\"},{\"@type\":[\"Person\",\"Organization\"],\"@id\":\"https:\/\/www.herztoenchen.com\/ukulelefee\/#\/schema\/person\/3ba787abfc8913340575bb10e0150557\",\"name\":\"Gabriela\",\"image\":{\"@type\":\"ImageObject\",\"inLanguage\":\"de\",\"@id\":\"https:\/\/www.herztoenchen.com\/ukulelefee\/#\/schema\/person\/image\/\",\"url\":\"https:\/\/i0.wp.com\/www.herztoenchen.com\/ukulelefee\/wp-content\/uploads\/2023\/05\/400dpiLogoCropped_400px_MSGFarben.png?fit=400%2C400&ssl=1\",\"contentUrl\":\"https:\/\/i0.wp.com\/www.herztoenchen.com\/ukulelefee\/wp-content\/uploads\/2023\/05\/400dpiLogoCropped_400px_MSGFarben.png?fit=400%2C400&ssl=1\",\"width\":400,\"height\":400,\"caption\":\"Gabriela\"},\"logo\":{\"@id\":\"https:\/\/www.herztoenchen.com\/ukulelefee\/#\/schema\/person\/image\/\"},\"description\":\"Gabriela Grafeneder ist eine leidenschaftliche Ukulelelehrerin und YouTuberin aus \u00d6sterreich. Seit 2017 unterrichtet sie Ukulele in Form von Einzelunterricht und Workshops, sowohl in Pr\u00e4senz als auch online. Gabriela legt gro\u00dfen Wert darauf, dass ihre Sch\u00fcler*innen in ihrem Unterricht eine entspannte und motivierende Atmosph\u00e4re vorfinden, in der sie ihre musikalischen F\u00e4higkeiten entfalten und weiterentwickeln k\u00f6nnen. Auf ihrem YouTube-Kanal \\\"Ukulelefee\\\" begeistert Gabriela Grafeneder ihre Abonnentinnen mit ihren kreativen Videos rund um die Ukulele. Sie zeigt, wie man verschiedene Lieder und Akkorde auf der Ukulele spielt und gibt n\u00fctzliche Tipps und Tricks f\u00fcr Anf\u00e4ngerinnen und Fortgeschrittene. Durch ihre offene und zug\u00e4ngliche Art und ihre Begeisterung f\u00fcr die Ukulele hat Gabriela Grafeneder eine wachsende Fangemeinde aufgebaut und sich zu einer wichtigen Pers\u00f6nlichkeit in der Ukulele-Community entwickelt.\",\"sameAs\":[\"http:\/\/www.ukulelefee.at\",\"https:\/\/www.facebook.com\/gabigrafeneder\",\"https:\/\/www.instagram.com\/ukulelefee\/\",\"https:\/\/www.youtube.com\/ukulelefee\"]}]}<\/script>\n<!-- \/ Yoast SEO plugin. -->","yoast_head_json":{"title":"Datenschutz - UkuleleFee","robots":{"index":"index","follow":"follow","max-snippet":"max-snippet:-1","max-image-preview":"max-image-preview:large","max-video-preview":"max-video-preview:-1"},"canonical":"https:\/\/www.herztoenchen.com\/ukulelefee\/uebermich\/","og_locale":"de_DE","og_type":"article","og_title":"Datenschutz - UkuleleFee","og_description":"\u00dcber uns Die Adresse unserer Website ist: http:\/\/www.herztoenchen.com\/ukulelefee. Welche personenbezogenen Daten wir sammeln und warum wir sie sammeln Kommentare Wenn Besucher Kommentare auf der Website schreiben, sammeln wir die Daten, die im Kommentar-Formular angezeigt werden, au\u00dferdem die IP-Adresse des Besuchers und den User-Agent-String (damit wird der Browser identifiziert), um die Erkennung von Spam zu unterst\u00fctzen. [&hellip;]","og_url":"https:\/\/www.herztoenchen.com\/ukulelefee\/uebermich\/","og_site_name":"UkuleleFee","article_publisher":"https:\/\/www.facebook.com\/gabigrafeneder","article_modified_time":"2018-10-29T08:58:19+00:00","twitter_card":"summary_large_image","twitter_misc":{"Gesch\u00e4tzte Lesezeit":"4\u00a0Minuten"},"schema":{"@context":"https:\/\/schema.org","@graph":[{"@type":"WebPage","@id":"https:\/\/www.herztoenchen.com\/ukulelefee\/uebermich\/","url":"https:\/\/www.herztoenchen.com\/ukulelefee\/uebermich\/","name":"Datenschutz - UkuleleFee","isPartOf":{"@id":"https:\/\/www.herztoenchen.com\/ukulelefee\/#website"},"datePublished":"2018-09-17T13:28:57+00:00","dateModified":"2018-10-29T08:58:19+00:00","breadcrumb":{"@id":"https:\/\/www.herztoenchen.com\/ukulelefee\/uebermich\/#breadcrumb"},"inLanguage":"de","potentialAction":[{"@type":"ReadAction","target":["https:\/\/www.herztoenchen.com\/ukulelefee\/uebermich\/"]}]},{"@type":"BreadcrumbList","@id":"https:\/\/www.herztoenchen.com\/ukulelefee\/uebermich\/#breadcrumb","itemListElement":[{"@type":"ListItem","position":1,"name":"Startseite","item":"https:\/\/www.herztoenchen.com\/ukulelefee\/"},{"@type":"ListItem","position":2,"name":"Datenschutz"}]},{"@type":"WebSite","@id":"https:\/\/www.herztoenchen.com\/ukulelefee\/#website","url":"https:\/\/www.herztoenchen.com\/ukulelefee\/","name":"UkuleleFee","description":"Ukulele, ein Instrument f\u00fcr alle","publisher":{"@id":"https:\/\/www.herztoenchen.com\/ukulelefee\/#\/schema\/person\/3ba787abfc8913340575bb10e0150557"},"potentialAction":[{"@type":"SearchAction","target":{"@type":"EntryPoint","urlTemplate":"https:\/\/www.herztoenchen.com\/ukulelefee\/?s={search_term_string}"},"query-input":{"@type":"PropertyValueSpecification","valueRequired":true,"valueName":"search_term_string"}}],"inLanguage":"de"},{"@type":["Person","Organization"],"@id":"https:\/\/www.herztoenchen.com\/ukulelefee\/#\/schema\/person\/3ba787abfc8913340575bb10e0150557","name":"Gabriela","image":{"@type":"ImageObject","inLanguage":"de","@id":"https:\/\/www.herztoenchen.com\/ukulelefee\/#\/schema\/person\/image\/","url":"https:\/\/i0.wp.com\/www.herztoenchen.com\/ukulelefee\/wp-content\/uploads\/2023\/05\/400dpiLogoCropped_400px_MSGFarben.png?fit=400%2C400&ssl=1","contentUrl":"https:\/\/i0.wp.com\/www.herztoenchen.com\/ukulelefee\/wp-content\/uploads\/2023\/05\/400dpiLogoCropped_400px_MSGFarben.png?fit=400%2C400&ssl=1","width":400,"height":400,"caption":"Gabriela"},"logo":{"@id":"https:\/\/www.herztoenchen.com\/ukulelefee\/#\/schema\/person\/image\/"},"description":"Gabriela Grafeneder ist eine leidenschaftliche Ukulelelehrerin und YouTuberin aus \u00d6sterreich. Seit 2017 unterrichtet sie Ukulele in Form von Einzelunterricht und Workshops, sowohl in Pr\u00e4senz als auch online. Gabriela legt gro\u00dfen Wert darauf, dass ihre Sch\u00fcler*innen in ihrem Unterricht eine entspannte und motivierende Atmosph\u00e4re vorfinden, in der sie ihre musikalischen F\u00e4higkeiten entfalten und weiterentwickeln k\u00f6nnen. Auf ihrem YouTube-Kanal \"Ukulelefee\" begeistert Gabriela Grafeneder ihre Abonnentinnen mit ihren kreativen Videos rund um die Ukulele. Sie zeigt, wie man verschiedene Lieder und Akkorde auf der Ukulele spielt und gibt n\u00fctzliche Tipps und Tricks f\u00fcr Anf\u00e4ngerinnen und Fortgeschrittene. Durch ihre offene und zug\u00e4ngliche Art und ihre Begeisterung f\u00fcr die Ukulele hat Gabriela Grafeneder eine wachsende Fangemeinde aufgebaut und sich zu einer wichtigen Pers\u00f6nlichkeit in der Ukulele-Community entwickelt.","sameAs":["http:\/\/www.ukulelefee.at","https:\/\/www.facebook.com\/gabigrafeneder","https:\/\/www.instagram.com\/ukulelefee\/","https:\/\/www.youtube.com\/ukulelefee"]}]}},"jetpack_sharing_enabled":false,"jetpack_shortlink":"https:\/\/wp.me\/Pahbnc-3","jetpack-related-posts":[{"id":29419,"url":"https:\/\/www.herztoenchen.com\/ukulelefee\/","url_meta":{"origin":3,"position":0},"title":"Landingpage","author":"Gabriela","date":"1. Mai 2024","format":false,"excerpt":"[vc_row][vc_column][vc_single_image image=\"29451\" img_size=\"full\" alignment=\"center\" css=\"\"][vc_empty_space height=\"50px\"][\/vc_column][\/vc_row][vc_row disable_element=\"yes\"][vc_column][vc_custom_heading text=\"``Du hast nur 12 Noten. Mach damit, was du willst!`` (Eddie Van Halen)\" font_container=\"tag:h2|font_size:35|text_align:center|color:%23666666|line_height:1.5\" google_fonts=\"font_family:Comfortaa%3A300%2Cregular%2C700|font_style:400%20regular%3A400%3Anormal\" css=\"\"][vc_empty_space height=\"50px\"][vc_separator css=\"\"][\/vc_column][\/vc_row][vc_row][vc_column width=\"1\/2\"][vc_empty_space height=\"150px\"][vc_custom_heading text=\"Boom chuck.\" font_container=\"tag:h5|font_size:35|text_align:center|color:%23666666|line_height:1.5\" google_fonts=\"font_family:Comfortaa%3A300%2Cregular%2C700|font_style:400%20regular%3A400%3Anormal\" css=\"\"][vc_empty_space height=\"50px\"][vc_column_text css=\"\"] Hier geht es nicht um 4 Akkorde. Hier geht es um dich. WILLKOMMEN in DEINER Ukulelenwelt!\u2026","rel":"","context":"\u00c4hnlicher Beitrag","block_context":{"text":"\u00c4hnlicher Beitrag","link":""},"img":{"alt_text":"","src":"https:\/\/i0.wp.com\/www.herztoenchen.com\/ukulelefee\/wp-content\/uploads\/2023\/05\/400dpiLogoCropped_400px_MSGFarben.png?fit=400%2C400&ssl=1&resize=350%2C200","width":350,"height":200},"classes":[]},{"id":2,"url":"https:\/\/www.herztoenchen.com\/ukulelefee\/beispiel-seite\/","url_meta":{"origin":3,"position":1},"title":"Beispiel-Seite","author":"Gabriela","date":"17. September 2018","format":false,"excerpt":"Dies ist eine Beispiel-Seite. Sie unterscheidet sich von Beitr\u00e4gen, da sie stets an der selben Stelle bleibt und (bei den meisten Themes) in der Navigation angezeigt wird. Die meisten Leute starten mit einem Impressum, der Datenschutzerkl\u00e4rung oder einer \u201e\u00dcber uns\u201c-Seite mit einer Vorstellung f\u00fcr m\u00f6gliche Besucher der Website. Dort k\u00f6nnte\u2026","rel":"","context":"\u00c4hnlicher Beitrag","block_context":{"text":"\u00c4hnlicher Beitrag","link":""},"img":{"alt_text":"","src":"","width":0,"height":0},"classes":[]},{"id":29761,"url":"https:\/\/www.herztoenchen.com\/ukulelefee\/klangpoesie\/","url_meta":{"origin":3,"position":2},"title":"Klangpoesie","author":"Gabriela","date":"15. Februar 2026","format":false,"excerpt":"[vc_row disable_element=\"yes\"][vc_column][vc_single_image image=\"29451\" img_size=\"full\" alignment=\"center\" css=\"\"][vc_empty_space height=\"50px\"][\/vc_column][\/vc_row][vc_row disable_element=\"yes\"][vc_column][vc_custom_heading text=\"``Du hast nur 12 Noten. Mach damit, was du willst!`` (Eddie Van Halen)\" font_container=\"tag:h2|font_size:35|text_align:center|color:%23666666|line_height:1.5\" google_fonts=\"font_family:Comfortaa%3A300%2Cregular%2C700|font_style:400%20regular%3A400%3Anormal\" css=\"\"][vc_empty_space height=\"50px\"][vc_separator css=\"\"][\/vc_column][\/vc_row][vc_row][vc_column width=\"1\/2\"][vc_empty_space height=\"70px\"][vc_column_text css=\"\"] Klangpoesie ist der Ursprung meiner Musik \u2013 und meine Musik ist der Klang meiner Worte. [\/vc_column_text][\/vc_column][vc_column width=\"1\/2\"][vc_empty_space height=\"50px\"][vc_single_image image=\"29762\" img_size=\"full\" alignment=\"right\"\u2026","rel":"","context":"\u00c4hnlicher Beitrag","block_context":{"text":"\u00c4hnlicher Beitrag","link":""},"img":{"alt_text":"","src":"https:\/\/i0.wp.com\/www.herztoenchen.com\/ukulelefee\/wp-content\/uploads\/2023\/05\/400dpiLogoCropped_400px_MSGFarben.png?fit=400%2C400&ssl=1&resize=350%2C200","width":350,"height":200},"classes":[]},{"id":432,"url":"https:\/\/www.herztoenchen.com\/ukulelefee\/login\/","url_meta":{"origin":3,"position":3},"title":"Anmelden","author":"Gabriela","date":"11. November 2018","format":false,"excerpt":"Hallo, Sie werden weitergeleitet, nachdem Sie sich hier kostenlos registrieren bzw. angemeldet haben. Sie helfen damit, die Ukulele - Community zu vergr\u00f6\u00dfern und erhalten Informationen, die Sie unterst\u00fctzen, dabei zu sein und zu bleiben. Seien Sie ein Teil davon! \u00a0 [ultimatemember form_id=\"428\"]","rel":"","context":"\u00c4hnlicher Beitrag","block_context":{"text":"\u00c4hnlicher Beitrag","link":""},"img":{"alt_text":"","src":"","width":0,"height":0},"classes":[]},{"id":256,"url":"https:\/\/www.herztoenchen.com\/ukulelefee\/news\/","url_meta":{"origin":3,"position":4},"title":"News","author":"Gabriela","date":"26. Oktober 2018","format":false,"excerpt":"[vc_row][vc_column][vc_column_text]Herzlich willkommen auf unserer Ukulelefee News-Seite! Hier finden Sie die neuesten Informationen rund um das Ukulelespielen, bevorstehende Workshops, Seminare, Einzelunterricht und Stammtische. Bleiben Sie auf dem Laufenden \u00fcber unsere Angebote und lassen Sie sich von inspirierenden Tipps und Tricks f\u00fcr Anf\u00e4nger und Fortgeschrittene begeistern. Schauen Sie regelm\u00e4\u00dfig vorbei, um keine\u2026","rel":"","context":"\u00c4hnlicher Beitrag","block_context":{"text":"\u00c4hnlicher Beitrag","link":""},"img":{"alt_text":"","src":"","width":0,"height":0},"classes":[]},{"id":11799,"url":"https:\/\/www.herztoenchen.com\/ukulelefee\/shop2026\/","url_meta":{"origin":3,"position":5},"title":"Shop","author":"Gabriela","date":"30. Januar 2026","format":false,"excerpt":"[vc_row][vc_column][vc_custom_heading text=\"UkuleleFee Shop\" font_container=\"tag:h2|font_size:h3|text_align:left\" css=\"\"][\/vc_column][\/vc_row][vc_row][vc_column][vc_column_text css=\"\"] \ud83c\udfb5 Willkommen im Ukulelefee-Shop! Hier kannst du ganz bequem deine Lieblingsprodukte direkt bestellen \u2013 egal ob B\u00fccher, CDs, Gutscheine oder Ukulelen. St\u00f6bere durch die verschiedenen Kategorien und finde, was dich anspricht. Wenn du Fragen hast oder dir bei etwas unsicher bist, schreib mir gern:\u2026","rel":"","context":"\u00c4hnlicher Beitrag","block_context":{"text":"\u00c4hnlicher Beitrag","link":""},"img":{"alt_text":"","src":"","width":0,"height":0},"classes":[]}],"jetpack_likes_enabled":true,"_links":{"self":[{"href":"https:\/\/www.herztoenchen.com\/ukulelefee\/wp-json\/wp\/v2\/pages\/3","targetHints":{"allow":["GET"]}}],"collection":[{"href":"https:\/\/www.herztoenchen.com\/ukulelefee\/wp-json\/wp\/v2\/pages"}],"about":[{"href":"https:\/\/www.herztoenchen.com\/ukulelefee\/wp-json\/wp\/v2\/types\/page"}],"author":[{"embeddable":true,"href":"https:\/\/www.herztoenchen.com\/ukulelefee\/wp-json\/wp\/v2\/users\/1"}],"replies":[{"embeddable":true,"href":"https:\/\/www.herztoenchen.com\/ukulelefee\/wp-json\/wp\/v2\/comments?post=3"}],"version-history":[{"count":4,"href":"https:\/\/www.herztoenchen.com\/ukulelefee\/wp-json\/wp\/v2\/pages\/3\/revisions"}],"predecessor-version":[{"id":305,"href":"https:\/\/www.herztoenchen.com\/ukulelefee\/wp-json\/wp\/v2\/pages\/3\/revisions\/305"}],"wp:attachment":[{"href":"https:\/\/www.herztoenchen.com\/ukulelefee\/wp-json\/wp\/v2\/media?parent=3"}],"curies":[{"name":"wp","href":"https:\/\/api.w.org\/{rel}","templated":true}]}}