{"id":256,"date":"2018-10-26T09:52:06","date_gmt":"2018-10-26T07:52:06","guid":{"rendered":"http:\/\/www.herztoenchen.com\/ukulelefee\/?page_id=256"},"modified":"2023-05-09T13:37:30","modified_gmt":"2023-05-09T11:37:30","slug":"news","status":"publish","type":"page","link":"https:\/\/www.herztoenchen.com\/ukulelefee\/news\/","title":{"rendered":"News"},"content":{"rendered":"<div class=\"wpb-content-wrapper\"><p>[vc_row][vc_column][vc_column_text]<strong>Herzlich willkommen auf unserer Ukulelefee News-Seite!<\/strong><\/p>\n<p><strong>Hier finden Sie die neuesten Informationen rund um das Ukulelespielen, bevorstehende Workshops, Seminare, Einzelunterricht und Stammtische. Bleiben Sie auf dem Laufenden \u00fcber unsere Angebote und lassen Sie sich von inspirierenden Tipps und Tricks f\u00fcr Anf\u00e4nger und Fortgeschrittene begeistern. Schauen Sie regelm\u00e4\u00dfig vorbei, um keine spannenden Neuigkeiten rund um das Ukulele-Universum zu verpassen!<\/strong>[\/vc_column_text][\/vc_column][\/vc_row][vc_row][vc_column width=&#8220;1\/3&#8243;][\/vc_column][vc_column width=&#8220;1\/3&#8243;][\/vc_column][vc_column width=&#8220;1\/3&#8243;][\/vc_column][\/vc_row][vc_row][vc_column][vc_empty_space][\/vc_column][\/vc_row][vc_row][vc_column][vc_basic_grid post_type=&#8220;post&#8220; max_items=&#8220;3&#8243; item=&#8220;294&#8243; grid_id=&#8220;vc_gid:1683629670096-3e37994a-e58a-10&#8243; taxonomies=&#8220;71&#8243;][\/vc_column][\/vc_row][vc_row][vc_column][vc_basic_grid post_type=&#8220;post&#8220; max_items=&#8220;-1&#8243; element_width=&#8220;12&#8243; item=&#8220;29091&#8243; grid_id=&#8220;vc_gid:1683629670098-8ee6e5aa-dded-0&#8243; taxonomies=&#8220;21&#8243;][\/vc_column][\/vc_row]<\/p>\n<\/div>","protected":false},"excerpt":{"rendered":"<p>[vc_row][vc_column][vc_column_text]Herzlich willkommen auf unserer Ukulelefee News-Seite! Hier finden Sie die neuesten Informationen rund um das Ukulelespielen, bevorstehende Workshops, Seminare, Einzelunterricht und Stammtische. Bleiben Sie auf dem Laufenden \u00fcber unsere Angebote und lassen Sie sich von inspirierenden Tipps und Tricks f\u00fcr Anf\u00e4nger und Fortgeschrittene begeistern. Schauen Sie regelm\u00e4\u00dfig vorbei, um keine spannenden Neuigkeiten rund um das [&hellip;]<\/p>\n","protected":false},"author":1,"featured_media":0,"parent":0,"menu_order":0,"comment_status":"closed","ping_status":"closed","template":"","meta":{"footnotes":""},"class_list":["post-256","page","type-page","status-publish","hentry"],"yoast_head":"<!-- This site is optimized with the Yoast SEO plugin v23.7 - https:\/\/yoast.com\/wordpress\/plugins\/seo\/ -->\n<title>UkuleleFee - Ukulele, ein Instrument f\u00fcr alle<\/title>\n<meta name=\"description\" content=\"Lernen Sie Ukulele in Workshops, Einzelunterricht, Seminaren und Stammtischen f\u00fcr alle Altersgruppen. Folgen Sie uns auf FB, YouTube und Instagram.\" \/>\n<meta name=\"robots\" content=\"index, follow, max-snippet:-1, max-image-preview:large, max-video-preview:-1\" \/>\n<link rel=\"canonical\" href=\"https:\/\/www.herztoenchen.com\/ukulelefee\/news\/\" \/>\n<meta property=\"og:locale\" content=\"de_DE\" \/>\n<meta property=\"og:type\" content=\"article\" \/>\n<meta property=\"og:title\" content=\"UkuleleFee - Ukulele, ein Instrument f\u00fcr alle\" \/>\n<meta property=\"og:description\" content=\"Lernen Sie Ukulele in Workshops, Einzelunterricht, Seminaren und Stammtischen f\u00fcr alle Altersgruppen. Folgen Sie uns auf FB, YouTube und Instagram.\" \/>\n<meta property=\"og:url\" content=\"https:\/\/www.herztoenchen.com\/ukulelefee\/news\/\" \/>\n<meta property=\"og:site_name\" content=\"UkuleleFee\" \/>\n<meta property=\"article:publisher\" content=\"https:\/\/www.facebook.com\/gabigrafeneder\" \/>\n<meta property=\"article:modified_time\" content=\"2023-05-09T11:37:30+00:00\" \/>\n<meta name=\"twitter:card\" content=\"summary_large_image\" \/>\n<meta name=\"twitter:label1\" content=\"Gesch\u00e4tzte Lesezeit\" \/>\n\t<meta name=\"twitter:data1\" content=\"1\u00a0Minute\" \/>\n<script type=\"application\/ld+json\" class=\"yoast-schema-graph\">{\"@context\":\"https:\/\/schema.org\",\"@graph\":[{\"@type\":\"WebPage\",\"@id\":\"https:\/\/www.herztoenchen.com\/ukulelefee\/news\/\",\"url\":\"https:\/\/www.herztoenchen.com\/ukulelefee\/news\/\",\"name\":\"UkuleleFee - Ukulele, ein Instrument f\u00fcr alle\",\"isPartOf\":{\"@id\":\"https:\/\/www.herztoenchen.com\/ukulelefee\/#website\"},\"datePublished\":\"2018-10-26T07:52:06+00:00\",\"dateModified\":\"2023-05-09T11:37:30+00:00\",\"description\":\"Lernen Sie Ukulele in Workshops, Einzelunterricht, Seminaren und Stammtischen f\u00fcr alle Altersgruppen. Folgen Sie uns auf FB, YouTube und Instagram.\",\"breadcrumb\":{\"@id\":\"https:\/\/www.herztoenchen.com\/ukulelefee\/news\/#breadcrumb\"},\"inLanguage\":\"de\",\"potentialAction\":[{\"@type\":\"ReadAction\",\"target\":[\"https:\/\/www.herztoenchen.com\/ukulelefee\/news\/\"]}]},{\"@type\":\"BreadcrumbList\",\"@id\":\"https:\/\/www.herztoenchen.com\/ukulelefee\/news\/#breadcrumb\",\"itemListElement\":[{\"@type\":\"ListItem\",\"position\":1,\"name\":\"Startseite\",\"item\":\"https:\/\/www.herztoenchen.com\/ukulelefee\/\"},{\"@type\":\"ListItem\",\"position\":2,\"name\":\"News\"}]},{\"@type\":\"WebSite\",\"@id\":\"https:\/\/www.herztoenchen.com\/ukulelefee\/#website\",\"url\":\"https:\/\/www.herztoenchen.com\/ukulelefee\/\",\"name\":\"UkuleleFee\",\"description\":\"Ukulele, ein Instrument f\u00fcr alle\",\"publisher\":{\"@id\":\"https:\/\/www.herztoenchen.com\/ukulelefee\/#\/schema\/person\/3ba787abfc8913340575bb10e0150557\"},\"potentialAction\":[{\"@type\":\"SearchAction\",\"target\":{\"@type\":\"EntryPoint\",\"urlTemplate\":\"https:\/\/www.herztoenchen.com\/ukulelefee\/?s={search_term_string}\"},\"query-input\":{\"@type\":\"PropertyValueSpecification\",\"valueRequired\":true,\"valueName\":\"search_term_string\"}}],\"inLanguage\":\"de\"},{\"@type\":[\"Person\",\"Organization\"],\"@id\":\"https:\/\/www.herztoenchen.com\/ukulelefee\/#\/schema\/person\/3ba787abfc8913340575bb10e0150557\",\"name\":\"Gabriela\",\"image\":{\"@type\":\"ImageObject\",\"inLanguage\":\"de\",\"@id\":\"https:\/\/www.herztoenchen.com\/ukulelefee\/#\/schema\/person\/image\/\",\"url\":\"https:\/\/i0.wp.com\/www.herztoenchen.com\/ukulelefee\/wp-content\/uploads\/2023\/05\/400dpiLogoCropped_400px_MSGFarben.png?fit=400%2C400&ssl=1\",\"contentUrl\":\"https:\/\/i0.wp.com\/www.herztoenchen.com\/ukulelefee\/wp-content\/uploads\/2023\/05\/400dpiLogoCropped_400px_MSGFarben.png?fit=400%2C400&ssl=1\",\"width\":400,\"height\":400,\"caption\":\"Gabriela\"},\"logo\":{\"@id\":\"https:\/\/www.herztoenchen.com\/ukulelefee\/#\/schema\/person\/image\/\"},\"description\":\"Gabriela Grafeneder ist eine leidenschaftliche Ukulelelehrerin und YouTuberin aus \u00d6sterreich. Seit 2017 unterrichtet sie Ukulele in Form von Einzelunterricht und Workshops, sowohl in Pr\u00e4senz als auch online. Gabriela legt gro\u00dfen Wert darauf, dass ihre Sch\u00fcler*innen in ihrem Unterricht eine entspannte und motivierende Atmosph\u00e4re vorfinden, in der sie ihre musikalischen F\u00e4higkeiten entfalten und weiterentwickeln k\u00f6nnen. Auf ihrem YouTube-Kanal \\\"Ukulelefee\\\" begeistert Gabriela Grafeneder ihre Abonnentinnen mit ihren kreativen Videos rund um die Ukulele. Sie zeigt, wie man verschiedene Lieder und Akkorde auf der Ukulele spielt und gibt n\u00fctzliche Tipps und Tricks f\u00fcr Anf\u00e4ngerinnen und Fortgeschrittene. Durch ihre offene und zug\u00e4ngliche Art und ihre Begeisterung f\u00fcr die Ukulele hat Gabriela Grafeneder eine wachsende Fangemeinde aufgebaut und sich zu einer wichtigen Pers\u00f6nlichkeit in der Ukulele-Community entwickelt.\",\"sameAs\":[\"http:\/\/www.ukulelefee.at\",\"https:\/\/www.facebook.com\/gabigrafeneder\",\"https:\/\/www.instagram.com\/ukulelefee\/\",\"https:\/\/www.youtube.com\/ukulelefee\"]}]}<\/script>\n<!-- \/ Yoast SEO plugin. -->","yoast_head_json":{"title":"UkuleleFee - Ukulele, ein Instrument f\u00fcr alle","description":"Lernen Sie Ukulele in Workshops, Einzelunterricht, Seminaren und Stammtischen f\u00fcr alle Altersgruppen. Folgen Sie uns auf FB, YouTube und Instagram.","robots":{"index":"index","follow":"follow","max-snippet":"max-snippet:-1","max-image-preview":"max-image-preview:large","max-video-preview":"max-video-preview:-1"},"canonical":"https:\/\/www.herztoenchen.com\/ukulelefee\/news\/","og_locale":"de_DE","og_type":"article","og_title":"UkuleleFee - Ukulele, ein Instrument f\u00fcr alle","og_description":"Lernen Sie Ukulele in Workshops, Einzelunterricht, Seminaren und Stammtischen f\u00fcr alle Altersgruppen. Folgen Sie uns auf FB, YouTube und Instagram.","og_url":"https:\/\/www.herztoenchen.com\/ukulelefee\/news\/","og_site_name":"UkuleleFee","article_publisher":"https:\/\/www.facebook.com\/gabigrafeneder","article_modified_time":"2023-05-09T11:37:30+00:00","twitter_card":"summary_large_image","twitter_misc":{"Gesch\u00e4tzte Lesezeit":"1\u00a0Minute"},"schema":{"@context":"https:\/\/schema.org","@graph":[{"@type":"WebPage","@id":"https:\/\/www.herztoenchen.com\/ukulelefee\/news\/","url":"https:\/\/www.herztoenchen.com\/ukulelefee\/news\/","name":"UkuleleFee - Ukulele, ein Instrument f\u00fcr alle","isPartOf":{"@id":"https:\/\/www.herztoenchen.com\/ukulelefee\/#website"},"datePublished":"2018-10-26T07:52:06+00:00","dateModified":"2023-05-09T11:37:30+00:00","description":"Lernen Sie Ukulele in Workshops, Einzelunterricht, Seminaren und Stammtischen f\u00fcr alle Altersgruppen. Folgen Sie uns auf FB, YouTube und Instagram.","breadcrumb":{"@id":"https:\/\/www.herztoenchen.com\/ukulelefee\/news\/#breadcrumb"},"inLanguage":"de","potentialAction":[{"@type":"ReadAction","target":["https:\/\/www.herztoenchen.com\/ukulelefee\/news\/"]}]},{"@type":"BreadcrumbList","@id":"https:\/\/www.herztoenchen.com\/ukulelefee\/news\/#breadcrumb","itemListElement":[{"@type":"ListItem","position":1,"name":"Startseite","item":"https:\/\/www.herztoenchen.com\/ukulelefee\/"},{"@type":"ListItem","position":2,"name":"News"}]},{"@type":"WebSite","@id":"https:\/\/www.herztoenchen.com\/ukulelefee\/#website","url":"https:\/\/www.herztoenchen.com\/ukulelefee\/","name":"UkuleleFee","description":"Ukulele, ein Instrument f\u00fcr alle","publisher":{"@id":"https:\/\/www.herztoenchen.com\/ukulelefee\/#\/schema\/person\/3ba787abfc8913340575bb10e0150557"},"potentialAction":[{"@type":"SearchAction","target":{"@type":"EntryPoint","urlTemplate":"https:\/\/www.herztoenchen.com\/ukulelefee\/?s={search_term_string}"},"query-input":{"@type":"PropertyValueSpecification","valueRequired":true,"valueName":"search_term_string"}}],"inLanguage":"de"},{"@type":["Person","Organization"],"@id":"https:\/\/www.herztoenchen.com\/ukulelefee\/#\/schema\/person\/3ba787abfc8913340575bb10e0150557","name":"Gabriela","image":{"@type":"ImageObject","inLanguage":"de","@id":"https:\/\/www.herztoenchen.com\/ukulelefee\/#\/schema\/person\/image\/","url":"https:\/\/i0.wp.com\/www.herztoenchen.com\/ukulelefee\/wp-content\/uploads\/2023\/05\/400dpiLogoCropped_400px_MSGFarben.png?fit=400%2C400&ssl=1","contentUrl":"https:\/\/i0.wp.com\/www.herztoenchen.com\/ukulelefee\/wp-content\/uploads\/2023\/05\/400dpiLogoCropped_400px_MSGFarben.png?fit=400%2C400&ssl=1","width":400,"height":400,"caption":"Gabriela"},"logo":{"@id":"https:\/\/www.herztoenchen.com\/ukulelefee\/#\/schema\/person\/image\/"},"description":"Gabriela Grafeneder ist eine leidenschaftliche Ukulelelehrerin und YouTuberin aus \u00d6sterreich. Seit 2017 unterrichtet sie Ukulele in Form von Einzelunterricht und Workshops, sowohl in Pr\u00e4senz als auch online. Gabriela legt gro\u00dfen Wert darauf, dass ihre Sch\u00fcler*innen in ihrem Unterricht eine entspannte und motivierende Atmosph\u00e4re vorfinden, in der sie ihre musikalischen F\u00e4higkeiten entfalten und weiterentwickeln k\u00f6nnen. Auf ihrem YouTube-Kanal \"Ukulelefee\" begeistert Gabriela Grafeneder ihre Abonnentinnen mit ihren kreativen Videos rund um die Ukulele. Sie zeigt, wie man verschiedene Lieder und Akkorde auf der Ukulele spielt und gibt n\u00fctzliche Tipps und Tricks f\u00fcr Anf\u00e4ngerinnen und Fortgeschrittene. Durch ihre offene und zug\u00e4ngliche Art und ihre Begeisterung f\u00fcr die Ukulele hat Gabriela Grafeneder eine wachsende Fangemeinde aufgebaut und sich zu einer wichtigen Pers\u00f6nlichkeit in der Ukulele-Community entwickelt.","sameAs":["http:\/\/www.ukulelefee.at","https:\/\/www.facebook.com\/gabigrafeneder","https:\/\/www.instagram.com\/ukulelefee\/","https:\/\/www.youtube.com\/ukulelefee"]}]}},"jetpack_sharing_enabled":true,"jetpack_shortlink":"https:\/\/wp.me\/Pahbnc-48","jetpack-related-posts":[{"id":3,"url":"https:\/\/www.herztoenchen.com\/ukulelefee\/uebermich\/","url_meta":{"origin":256,"position":0},"title":"Datenschutz","author":"Gabriela","date":"17. September 2018","format":false,"excerpt":"\u00dcber uns Die Adresse unserer Website ist: http:\/\/www.herztoenchen.com\/ukulelefee. Welche personenbezogenen Daten wir sammeln und warum wir sie sammeln Kommentare Wenn Besucher Kommentare auf der Website schreiben, sammeln wir die Daten, die im Kommentar-Formular angezeigt werden, au\u00dferdem die IP-Adresse des Besuchers und den User-Agent-String (damit wird der Browser identifiziert), um die\u2026","rel":"","context":"\u00c4hnlicher Beitrag","block_context":{"text":"\u00c4hnlicher Beitrag","link":""},"img":{"alt_text":"","src":"","width":0,"height":0},"classes":[]},{"id":2,"url":"https:\/\/www.herztoenchen.com\/ukulelefee\/beispiel-seite\/","url_meta":{"origin":256,"position":1},"title":"Beispiel-Seite","author":"Gabriela","date":"17. September 2018","format":false,"excerpt":"Dies ist eine Beispiel-Seite. Sie unterscheidet sich von Beitr\u00e4gen, da sie stets an der selben Stelle bleibt und (bei den meisten Themes) in der Navigation angezeigt wird. Die meisten Leute starten mit einem Impressum, der Datenschutzerkl\u00e4rung oder einer \u201e\u00dcber uns\u201c-Seite mit einer Vorstellung f\u00fcr m\u00f6gliche Besucher der Website. Dort k\u00f6nnte\u2026","rel":"","context":"\u00c4hnlicher Beitrag","block_context":{"text":"\u00c4hnlicher Beitrag","link":""},"img":{"alt_text":"","src":"","width":0,"height":0},"classes":[]},{"id":432,"url":"https:\/\/www.herztoenchen.com\/ukulelefee\/login\/","url_meta":{"origin":256,"position":2},"title":"Anmelden","author":"Gabriela","date":"11. November 2018","format":false,"excerpt":"Hallo, Sie werden weitergeleitet, nachdem Sie sich hier kostenlos registrieren bzw. angemeldet haben. Sie helfen damit, die Ukulele - Community zu vergr\u00f6\u00dfern und erhalten Informationen, die Sie unterst\u00fctzen, dabei zu sein und zu bleiben. Seien Sie ein Teil davon! \u00a0 [ultimatemember form_id=\"428\"]","rel":"","context":"\u00c4hnlicher Beitrag","block_context":{"text":"\u00c4hnlicher Beitrag","link":""},"img":{"alt_text":"","src":"","width":0,"height":0},"classes":[]},{"id":29419,"url":"https:\/\/www.herztoenchen.com\/ukulelefee\/","url_meta":{"origin":256,"position":3},"title":"Landingpage","author":"Gabriela","date":"1. Mai 2024","format":false,"excerpt":"[vc_row][vc_column][vc_single_image image=\"29451\" img_size=\"full\" alignment=\"center\" css=\"\"][vc_empty_space height=\"50px\"][\/vc_column][\/vc_row][vc_row disable_element=\"yes\"][vc_column][vc_custom_heading text=\"``Du hast nur 12 Noten. Mach damit, was du willst!`` (Eddie Van Halen)\" font_container=\"tag:h2|font_size:35|text_align:center|color:%23666666|line_height:1.5\" google_fonts=\"font_family:Comfortaa%3A300%2Cregular%2C700|font_style:400%20regular%3A400%3Anormal\" css=\"\"][vc_empty_space height=\"50px\"][vc_separator css=\"\"][\/vc_column][\/vc_row][vc_row][vc_column width=\"1\/2\"][vc_empty_space height=\"150px\"][vc_custom_heading text=\"Boom chuck.\" font_container=\"tag:h5|font_size:35|text_align:center|color:%23666666|line_height:1.5\" google_fonts=\"font_family:Comfortaa%3A300%2Cregular%2C700|font_style:400%20regular%3A400%3Anormal\" css=\"\"][vc_empty_space height=\"50px\"][vc_column_text css=\"\"] Hier geht es nicht um 4 Akkorde. Hier geht es um dich. WILLKOMMEN in DEINER Ukulelenwelt!\u2026","rel":"","context":"\u00c4hnlicher Beitrag","block_context":{"text":"\u00c4hnlicher Beitrag","link":""},"img":{"alt_text":"","src":"https:\/\/i0.wp.com\/www.herztoenchen.com\/ukulelefee\/wp-content\/uploads\/2023\/05\/400dpiLogoCropped_400px_MSGFarben.png?fit=400%2C400&ssl=1&resize=350%2C200","width":350,"height":200},"classes":[]},{"id":29761,"url":"https:\/\/www.herztoenchen.com\/ukulelefee\/klangpoesie\/","url_meta":{"origin":256,"position":4},"title":"Klangpoesie","author":"Gabriela","date":"15. Februar 2026","format":false,"excerpt":"[vc_row disable_element=\"yes\"][vc_column][vc_single_image image=\"29451\" img_size=\"full\" alignment=\"center\" css=\"\"][vc_empty_space height=\"50px\"][\/vc_column][\/vc_row][vc_row disable_element=\"yes\"][vc_column][vc_custom_heading text=\"``Du hast nur 12 Noten. Mach damit, was du willst!`` (Eddie Van Halen)\" font_container=\"tag:h2|font_size:35|text_align:center|color:%23666666|line_height:1.5\" google_fonts=\"font_family:Comfortaa%3A300%2Cregular%2C700|font_style:400%20regular%3A400%3Anormal\" css=\"\"][vc_empty_space height=\"50px\"][vc_separator css=\"\"][\/vc_column][\/vc_row][vc_row][vc_column width=\"1\/2\"][vc_empty_space height=\"70px\"][vc_column_text css=\"\"] Klangpoesie ist der Ursprung meiner Musik \u2013 und meine Musik ist der Klang meiner Worte. [\/vc_column_text][\/vc_column][vc_column width=\"1\/2\"][vc_empty_space height=\"50px\"][vc_single_image image=\"29762\" img_size=\"full\" alignment=\"right\"\u2026","rel":"","context":"\u00c4hnlicher Beitrag","block_context":{"text":"\u00c4hnlicher Beitrag","link":""},"img":{"alt_text":"","src":"https:\/\/i0.wp.com\/www.herztoenchen.com\/ukulelefee\/wp-content\/uploads\/2023\/05\/400dpiLogoCropped_400px_MSGFarben.png?fit=400%2C400&ssl=1&resize=350%2C200","width":350,"height":200},"classes":[]},{"id":127,"url":"https:\/\/www.herztoenchen.com\/ukulelefee\/unterricht\/","url_meta":{"origin":256,"position":5},"title":"Kurse &#038; Veranstaltungen","author":"Gabriela","date":"22. Oktober 2018","format":false,"excerpt":"[vc_row][vc_column][vc_empty_space height=\"55px\"][vc_custom_heading text=\"Angebote in Pr\u00e4senz\" font_container=\"tag:h1|text_align:left|color:%2367696a\" use_theme_fonts=\"yes\"][vc_empty_space][\/vc_column][\/vc_row][vc_row][vc_column][vc_basic_grid post_type=\"post\" max_items=\"-1\" element_width=\"3\" gap=\"10\" orderby=\"ID\" order=\"ASC\" item=\"171\" grid_id=\"vc_gid:1758191918082-fff53483-1cfb-8\" taxonomies=\"443\"][\/vc_column][\/vc_row][vc_row][vc_column][vc_custom_heading text=\"Online Angebote\" font_container=\"tag:h1|text_align:left|color:%2367696a\" use_theme_fonts=\"yes\"][vc_empty_space][\/vc_column][\/vc_row][vc_row][vc_column][vc_basic_grid post_type=\"post\" max_items=\"-1\" element_width=\"3\" gap=\"10\" orderby=\"ID\" order=\"ASC\" item=\"171\" grid_id=\"vc_gid:1758191918082-5470d743-7698-0\" taxonomies=\"442\"][vc_empty_space][\/vc_column][\/vc_row][vc_row disable_element=\"yes\"][vc_column][vc_text_separator title=\"TERMINE\"][\/vc_column][\/vc_row][vc_row disable_element=\"yes\"][vc_column][vc_empty_space][vc_raw_html]JTVCaWNzX2NhbGVuZGFyJTIwdXJsJTNEJTIyd2ViY2FsJTNBJTJGJTJGcDE2LWNhbGRhdi5pY2xvdWQuY29tJTJGcHVibGlzaGVkJTJGMiUyRk1qZ3dORFE1TkRFMk1qZ3dORFE1TkNfSjdLbW9MV3h1OTFWMUpfSkVCQWZKNzNINjhZM2U5NVlFNGxPLWtxQ3J5S2xYVnNmSnRhbWFMdDc5V1MzUFN1SEVVanlRdVZnLWNybXV3N3hJeThZJTIyJTVE[\/vc_raw_html][\/vc_column][\/vc_row][vc_row disable_element=\"yes\"][vc_column][vc_empty_space][vc_column_text][events][\/vc_column_text][\/vc_column][\/vc_row][vc_row][vc_column][vc_empty_space][vc_column_text][\/vc_column_text][vc_empty_space][vc_column_text] Alle Veranstaltungen: [\/vc_column_text][vc_empty_space][vc_column_text][\/vc_column_text][\/vc_column][\/vc_row][vc_section disable_element=\"yes\"][vc_row][vc_column width=\"1\/2\"][vc_column_text] Kurse f\u00fcr Erwachsene Bad Hall, Musikschule Gattermann Ukulele Stammtisch: freitags 14-t\u00e4gig, 16:30\u2026","rel":"","context":"\u00c4hnlicher Beitrag","block_context":{"text":"\u00c4hnlicher Beitrag","link":""},"img":{"alt_text":"","src":"","width":0,"height":0},"classes":[]}],"jetpack_likes_enabled":true,"_links":{"self":[{"href":"https:\/\/www.herztoenchen.com\/ukulelefee\/wp-json\/wp\/v2\/pages\/256","targetHints":{"allow":["GET"]}}],"collection":[{"href":"https:\/\/www.herztoenchen.com\/ukulelefee\/wp-json\/wp\/v2\/pages"}],"about":[{"href":"https:\/\/www.herztoenchen.com\/ukulelefee\/wp-json\/wp\/v2\/types\/page"}],"author":[{"embeddable":true,"href":"https:\/\/www.herztoenchen.com\/ukulelefee\/wp-json\/wp\/v2\/users\/1"}],"replies":[{"embeddable":true,"href":"https:\/\/www.herztoenchen.com\/ukulelefee\/wp-json\/wp\/v2\/comments?post=256"}],"version-history":[{"count":13,"href":"https:\/\/www.herztoenchen.com\/ukulelefee\/wp-json\/wp\/v2\/pages\/256\/revisions"}],"predecessor-version":[{"id":29066,"href":"https:\/\/www.herztoenchen.com\/ukulelefee\/wp-json\/wp\/v2\/pages\/256\/revisions\/29066"}],"wp:attachment":[{"href":"https:\/\/www.herztoenchen.com\/ukulelefee\/wp-json\/wp\/v2\/media?parent=256"}],"curies":[{"name":"wp","href":"https:\/\/api.w.org\/{rel}","templated":true}]}}