{"id":12776,"date":"2021-09-08T15:04:24","date_gmt":"2021-09-08T13:04:24","guid":{"rendered":"https:\/\/www.herztoenchen.com\/ukulelefee\/?page_id=12776"},"modified":"2021-09-08T15:04:24","modified_gmt":"2021-09-08T13:04:24","slug":"klassik","status":"publish","type":"page","link":"https:\/\/www.herztoenchen.com\/ukulelefee\/klassik\/","title":{"rendered":"Klassik"},"content":{"rendered":"<div class=\"wpb-content-wrapper\"><p>[vc_row][vc_column width=&#8220;2\/3&#8243;]<div class=\"  nd_options_menu_component nd_options_section nd_options_menu_component_623\"><div class=\"menu-songfilter-container\"><ul id=\"menu-songfilter\" class=\"menu\"><li id=\"menu-item-548\" class=\"menu-item menu-item-type-post_type menu-item-object-page menu-item-548\"><a href=\"https:\/\/www.herztoenchen.com\/ukulelefee\/einfachesongs\/\">Einfache Songs<\/a><\/li>\n<li id=\"menu-item-546\" class=\"menu-item menu-item-type-post_type menu-item-object-page menu-item-546\"><a href=\"https:\/\/www.herztoenchen.com\/ukulelefee\/musikalischesongs\/\">Musikalische Songs<\/a><\/li>\n<li id=\"menu-item-545\" class=\"menu-item menu-item-type-post_type menu-item-object-page menu-item-545\"><a href=\"https:\/\/www.herztoenchen.com\/ukulelefee\/mittelschweresongs\/\">Mittelschwere Songs<\/a><\/li>\n<li id=\"menu-item-568\" class=\"menu-item menu-item-type-post_type menu-item-object-page menu-item-568\"><a href=\"https:\/\/www.herztoenchen.com\/ukulelefee\/chordstabs\/\">Chords &#038; Tabs<\/a><\/li>\n<li id=\"menu-item-547\" class=\"menu-item menu-item-type-post_type menu-item-object-page menu-item-547\"><a href=\"https:\/\/www.herztoenchen.com\/ukulelefee\/jazzysongs\/\">Jazzy Songs<\/a><\/li>\n<li id=\"menu-item-570\" class=\"menu-item menu-item-type-post_type menu-item-object-page menu-item-570\"><a href=\"https:\/\/www.herztoenchen.com\/ukulelefee\/international\/\">International<\/a><\/li>\n<li id=\"menu-item-571\" class=\"menu-item menu-item-type-post_type menu-item-object-page menu-item-571\"><a href=\"https:\/\/www.herztoenchen.com\/ukulelefee\/kinderlieder\/\">Kinderlieder<\/a><\/li>\n<li id=\"menu-item-12809\" class=\"menu-item menu-item-type-post_type menu-item-object-page menu-item-12809\"><a href=\"https:\/\/www.herztoenchen.com\/ukulelefee\/klassik\/\">Klassik<\/a><\/li>\n<li id=\"menu-item-572\" class=\"menu-item menu-item-type-post_type menu-item-object-page menu-item-572\"><a href=\"https:\/\/www.herztoenchen.com\/ukulelefee\/weihnachten\/\">Weihnachten<\/a><\/li>\n<li id=\"menu-item-569\" class=\"menu-item menu-item-type-post_type menu-item-object-page menu-item-569\"><a href=\"https:\/\/www.herztoenchen.com\/ukulelefee\/herbst\/\">Herbst<\/a><\/li>\n<li id=\"menu-item-573\" class=\"menu-item menu-item-type-post_type menu-item-object-page menu-item-573\"><a href=\"https:\/\/www.herztoenchen.com\/ukulelefee\/winter\/\">Winter<\/a><\/li>\n<li id=\"menu-item-11960\" class=\"menu-item menu-item-type-post_type menu-item-object-page menu-item-11960\"><a href=\"https:\/\/www.herztoenchen.com\/ukulelefee\/fruehling\/\">Fr\u00fchling<\/a><\/li>\n<\/ul><\/div><\/div>[\/vc_column][vc_column width=&#8220;1\/3&#8243;]\n\n    <!--start post search-->\n\t<div id=\"nd_options_autocomplete_search_container\" class=\"nd_options_section nd_options_position_relative nd_options_z_index_98  \">\n\t\t<form method=\"get\" action=\"https:\/\/www.herztoenchen.com\/ukulelefee\">\n\t\t    \n\t\t    <input id=\"nd_options_autocomplete_search\" autocomplete=\"off\" value=\"\" name=\"s\" class=\"nd_options_width_100_percentage\" type=\"text\" placeholder=\"Suche ...\">\n\t\t    <input type=\"hidden\" id=\"nd_options_autocomplete_search_category_slug\" name=\"category_name\" value=\"chords\">\n\t\t    <input class=\"nd_options_cursor_pointer nd_options_position_absolute nd_options_border_width_0 nd_options_right_0 nd_options_top_0\" type=\"submit\" id=\"nd_options_autocomplete_search_button\" value=\"\">\n\t\t    \n\t\t    <!--results-->\n\t\t    <div id=\"nd_options_autocomplete_search_result\" class=\"nd_options_top_45 nd_options_margin_top_20 nd_options_box_sizing_border_box nd_options_position_absolute nd_options_bg_white nd_options_width_100_percentage\"><\/div>\n\n\t\t<\/form>\n\t<\/div>\n    <!--end post search-->\n\n[\/vc_column][\/vc_row][vc_row][vc_column][vc_empty_space height=&#8220;40px&#8220;][\/vc_column][\/vc_row][vc_row][vc_column][vc_basic_grid post_type=&#8220;post&#8220; max_items=&#8220;-1&#8243; element_width=&#8220;2&#8243; orderby=&#8220;title&#8220; order=&#8220;ASC&#8220; item=&#8220;176&#8243; grid_id=&#8220;vc_gid:1631106149588-a9ce58b8-13fb-9&#8243; taxonomies=&#8220;260&#8243;][\/vc_column][\/vc_row]<\/p>\n<\/div>","protected":false},"excerpt":{"rendered":"<p>[vc_row][vc_column width=&#8220;2\/3&#8243;][\/vc_column][vc_column width=&#8220;1\/3&#8243;][\/vc_column][\/vc_row][vc_row][vc_column][vc_empty_space height=&#8220;40px&#8220;][\/vc_column][\/vc_row][vc_row][vc_column][vc_basic_grid post_type=&#8220;post&#8220; max_items=&#8220;-1&#8243; element_width=&#8220;2&#8243; orderby=&#8220;title&#8220; order=&#8220;ASC&#8220; item=&#8220;176&#8243; grid_id=&#8220;vc_gid:1631106149588-a9ce58b8-13fb-9&#8243; taxonomies=&#8220;260&#8243;][\/vc_column][\/vc_row]<\/p>\n","protected":false},"author":1,"featured_media":0,"parent":0,"menu_order":0,"comment_status":"closed","ping_status":"closed","template":"","meta":{"footnotes":""},"class_list":["post-12776","page","type-page","status-publish","hentry"],"yoast_head":"<!-- This site is optimized with the Yoast SEO plugin v23.7 - https:\/\/yoast.com\/wordpress\/plugins\/seo\/ -->\n<title>Klassik - UkuleleFee<\/title>\n<meta name=\"robots\" content=\"index, follow, max-snippet:-1, max-image-preview:large, max-video-preview:-1\" \/>\n<link rel=\"canonical\" href=\"https:\/\/www.herztoenchen.com\/ukulelefee\/klassik\/\" \/>\n<meta property=\"og:locale\" content=\"de_DE\" \/>\n<meta property=\"og:type\" content=\"article\" \/>\n<meta property=\"og:title\" content=\"Klassik - UkuleleFee\" \/>\n<meta property=\"og:description\" content=\"[vc_row][vc_column width=&#8220;2\/3&#8243;][\/vc_column][vc_column width=&#8220;1\/3&#8243;][\/vc_column][\/vc_row][vc_row][vc_column][vc_empty_space height=&#8220;40px&#8220;][\/vc_column][\/vc_row][vc_row][vc_column][vc_basic_grid post_type=&#8220;post&#8220; max_items=&#8220;-1&#8243; element_width=&#8220;2&#8243; orderby=&#8220;title&#8220; order=&#8220;ASC&#8220; item=&#8220;176&#8243; grid_id=&#8220;vc_gid:1631106149588-a9ce58b8-13fb-9&#8243; taxonomies=&#8220;260&#8243;][\/vc_column][\/vc_row]\" \/>\n<meta property=\"og:url\" content=\"https:\/\/www.herztoenchen.com\/ukulelefee\/klassik\/\" \/>\n<meta property=\"og:site_name\" content=\"UkuleleFee\" \/>\n<meta property=\"article:publisher\" content=\"https:\/\/www.facebook.com\/gabigrafeneder\" \/>\n<meta name=\"twitter:card\" content=\"summary_large_image\" \/>\n<script type=\"application\/ld+json\" class=\"yoast-schema-graph\">{\"@context\":\"https:\/\/schema.org\",\"@graph\":[{\"@type\":\"WebPage\",\"@id\":\"https:\/\/www.herztoenchen.com\/ukulelefee\/klassik\/\",\"url\":\"https:\/\/www.herztoenchen.com\/ukulelefee\/klassik\/\",\"name\":\"Klassik - UkuleleFee\",\"isPartOf\":{\"@id\":\"https:\/\/www.herztoenchen.com\/ukulelefee\/#website\"},\"datePublished\":\"2021-09-08T13:04:24+00:00\",\"dateModified\":\"2021-09-08T13:04:24+00:00\",\"breadcrumb\":{\"@id\":\"https:\/\/www.herztoenchen.com\/ukulelefee\/klassik\/#breadcrumb\"},\"inLanguage\":\"de\",\"potentialAction\":[{\"@type\":\"ReadAction\",\"target\":[\"https:\/\/www.herztoenchen.com\/ukulelefee\/klassik\/\"]}]},{\"@type\":\"BreadcrumbList\",\"@id\":\"https:\/\/www.herztoenchen.com\/ukulelefee\/klassik\/#breadcrumb\",\"itemListElement\":[{\"@type\":\"ListItem\",\"position\":1,\"name\":\"Startseite\",\"item\":\"https:\/\/www.herztoenchen.com\/ukulelefee\/\"},{\"@type\":\"ListItem\",\"position\":2,\"name\":\"Klassik\"}]},{\"@type\":\"WebSite\",\"@id\":\"https:\/\/www.herztoenchen.com\/ukulelefee\/#website\",\"url\":\"https:\/\/www.herztoenchen.com\/ukulelefee\/\",\"name\":\"UkuleleFee\",\"description\":\"Ukulele, ein Instrument f\u00fcr alle\",\"publisher\":{\"@id\":\"https:\/\/www.herztoenchen.com\/ukulelefee\/#\/schema\/person\/3ba787abfc8913340575bb10e0150557\"},\"potentialAction\":[{\"@type\":\"SearchAction\",\"target\":{\"@type\":\"EntryPoint\",\"urlTemplate\":\"https:\/\/www.herztoenchen.com\/ukulelefee\/?s={search_term_string}\"},\"query-input\":{\"@type\":\"PropertyValueSpecification\",\"valueRequired\":true,\"valueName\":\"search_term_string\"}}],\"inLanguage\":\"de\"},{\"@type\":[\"Person\",\"Organization\"],\"@id\":\"https:\/\/www.herztoenchen.com\/ukulelefee\/#\/schema\/person\/3ba787abfc8913340575bb10e0150557\",\"name\":\"Gabriela\",\"image\":{\"@type\":\"ImageObject\",\"inLanguage\":\"de\",\"@id\":\"https:\/\/www.herztoenchen.com\/ukulelefee\/#\/schema\/person\/image\/\",\"url\":\"https:\/\/i0.wp.com\/www.herztoenchen.com\/ukulelefee\/wp-content\/uploads\/2023\/05\/400dpiLogoCropped_400px_MSGFarben.png?fit=400%2C400&ssl=1\",\"contentUrl\":\"https:\/\/i0.wp.com\/www.herztoenchen.com\/ukulelefee\/wp-content\/uploads\/2023\/05\/400dpiLogoCropped_400px_MSGFarben.png?fit=400%2C400&ssl=1\",\"width\":400,\"height\":400,\"caption\":\"Gabriela\"},\"logo\":{\"@id\":\"https:\/\/www.herztoenchen.com\/ukulelefee\/#\/schema\/person\/image\/\"},\"description\":\"Gabriela Grafeneder ist eine leidenschaftliche Ukulelelehrerin und YouTuberin aus \u00d6sterreich. Seit 2017 unterrichtet sie Ukulele in Form von Einzelunterricht und Workshops, sowohl in Pr\u00e4senz als auch online. Gabriela legt gro\u00dfen Wert darauf, dass ihre Sch\u00fcler*innen in ihrem Unterricht eine entspannte und motivierende Atmosph\u00e4re vorfinden, in der sie ihre musikalischen F\u00e4higkeiten entfalten und weiterentwickeln k\u00f6nnen. Auf ihrem YouTube-Kanal \\\"Ukulelefee\\\" begeistert Gabriela Grafeneder ihre Abonnentinnen mit ihren kreativen Videos rund um die Ukulele. Sie zeigt, wie man verschiedene Lieder und Akkorde auf der Ukulele spielt und gibt n\u00fctzliche Tipps und Tricks f\u00fcr Anf\u00e4ngerinnen und Fortgeschrittene. Durch ihre offene und zug\u00e4ngliche Art und ihre Begeisterung f\u00fcr die Ukulele hat Gabriela Grafeneder eine wachsende Fangemeinde aufgebaut und sich zu einer wichtigen Pers\u00f6nlichkeit in der Ukulele-Community entwickelt.\",\"sameAs\":[\"http:\/\/www.ukulelefee.at\",\"https:\/\/www.facebook.com\/gabigrafeneder\",\"https:\/\/www.instagram.com\/ukulelefee\/\",\"https:\/\/www.youtube.com\/ukulelefee\"]}]}<\/script>\n<!-- \/ Yoast SEO plugin. -->","yoast_head_json":{"title":"Klassik - UkuleleFee","robots":{"index":"index","follow":"follow","max-snippet":"max-snippet:-1","max-image-preview":"max-image-preview:large","max-video-preview":"max-video-preview:-1"},"canonical":"https:\/\/www.herztoenchen.com\/ukulelefee\/klassik\/","og_locale":"de_DE","og_type":"article","og_title":"Klassik - UkuleleFee","og_description":"[vc_row][vc_column width=&#8220;2\/3&#8243;][\/vc_column][vc_column width=&#8220;1\/3&#8243;][\/vc_column][\/vc_row][vc_row][vc_column][vc_empty_space height=&#8220;40px&#8220;][\/vc_column][\/vc_row][vc_row][vc_column][vc_basic_grid post_type=&#8220;post&#8220; max_items=&#8220;-1&#8243; element_width=&#8220;2&#8243; orderby=&#8220;title&#8220; order=&#8220;ASC&#8220; item=&#8220;176&#8243; grid_id=&#8220;vc_gid:1631106149588-a9ce58b8-13fb-9&#8243; taxonomies=&#8220;260&#8243;][\/vc_column][\/vc_row]","og_url":"https:\/\/www.herztoenchen.com\/ukulelefee\/klassik\/","og_site_name":"UkuleleFee","article_publisher":"https:\/\/www.facebook.com\/gabigrafeneder","twitter_card":"summary_large_image","schema":{"@context":"https:\/\/schema.org","@graph":[{"@type":"WebPage","@id":"https:\/\/www.herztoenchen.com\/ukulelefee\/klassik\/","url":"https:\/\/www.herztoenchen.com\/ukulelefee\/klassik\/","name":"Klassik - UkuleleFee","isPartOf":{"@id":"https:\/\/www.herztoenchen.com\/ukulelefee\/#website"},"datePublished":"2021-09-08T13:04:24+00:00","dateModified":"2021-09-08T13:04:24+00:00","breadcrumb":{"@id":"https:\/\/www.herztoenchen.com\/ukulelefee\/klassik\/#breadcrumb"},"inLanguage":"de","potentialAction":[{"@type":"ReadAction","target":["https:\/\/www.herztoenchen.com\/ukulelefee\/klassik\/"]}]},{"@type":"BreadcrumbList","@id":"https:\/\/www.herztoenchen.com\/ukulelefee\/klassik\/#breadcrumb","itemListElement":[{"@type":"ListItem","position":1,"name":"Startseite","item":"https:\/\/www.herztoenchen.com\/ukulelefee\/"},{"@type":"ListItem","position":2,"name":"Klassik"}]},{"@type":"WebSite","@id":"https:\/\/www.herztoenchen.com\/ukulelefee\/#website","url":"https:\/\/www.herztoenchen.com\/ukulelefee\/","name":"UkuleleFee","description":"Ukulele, ein Instrument f\u00fcr alle","publisher":{"@id":"https:\/\/www.herztoenchen.com\/ukulelefee\/#\/schema\/person\/3ba787abfc8913340575bb10e0150557"},"potentialAction":[{"@type":"SearchAction","target":{"@type":"EntryPoint","urlTemplate":"https:\/\/www.herztoenchen.com\/ukulelefee\/?s={search_term_string}"},"query-input":{"@type":"PropertyValueSpecification","valueRequired":true,"valueName":"search_term_string"}}],"inLanguage":"de"},{"@type":["Person","Organization"],"@id":"https:\/\/www.herztoenchen.com\/ukulelefee\/#\/schema\/person\/3ba787abfc8913340575bb10e0150557","name":"Gabriela","image":{"@type":"ImageObject","inLanguage":"de","@id":"https:\/\/www.herztoenchen.com\/ukulelefee\/#\/schema\/person\/image\/","url":"https:\/\/i0.wp.com\/www.herztoenchen.com\/ukulelefee\/wp-content\/uploads\/2023\/05\/400dpiLogoCropped_400px_MSGFarben.png?fit=400%2C400&ssl=1","contentUrl":"https:\/\/i0.wp.com\/www.herztoenchen.com\/ukulelefee\/wp-content\/uploads\/2023\/05\/400dpiLogoCropped_400px_MSGFarben.png?fit=400%2C400&ssl=1","width":400,"height":400,"caption":"Gabriela"},"logo":{"@id":"https:\/\/www.herztoenchen.com\/ukulelefee\/#\/schema\/person\/image\/"},"description":"Gabriela Grafeneder ist eine leidenschaftliche Ukulelelehrerin und YouTuberin aus \u00d6sterreich. Seit 2017 unterrichtet sie Ukulele in Form von Einzelunterricht und Workshops, sowohl in Pr\u00e4senz als auch online. Gabriela legt gro\u00dfen Wert darauf, dass ihre Sch\u00fcler*innen in ihrem Unterricht eine entspannte und motivierende Atmosph\u00e4re vorfinden, in der sie ihre musikalischen F\u00e4higkeiten entfalten und weiterentwickeln k\u00f6nnen. Auf ihrem YouTube-Kanal \"Ukulelefee\" begeistert Gabriela Grafeneder ihre Abonnentinnen mit ihren kreativen Videos rund um die Ukulele. Sie zeigt, wie man verschiedene Lieder und Akkorde auf der Ukulele spielt und gibt n\u00fctzliche Tipps und Tricks f\u00fcr Anf\u00e4ngerinnen und Fortgeschrittene. Durch ihre offene und zug\u00e4ngliche Art und ihre Begeisterung f\u00fcr die Ukulele hat Gabriela Grafeneder eine wachsende Fangemeinde aufgebaut und sich zu einer wichtigen Pers\u00f6nlichkeit in der Ukulele-Community entwickelt.","sameAs":["http:\/\/www.ukulelefee.at","https:\/\/www.facebook.com\/gabigrafeneder","https:\/\/www.instagram.com\/ukulelefee\/","https:\/\/www.youtube.com\/ukulelefee"]}]}},"jetpack_sharing_enabled":false,"jetpack_shortlink":"https:\/\/wp.me\/Pahbnc-3k4","jetpack-related-posts":[{"id":535,"url":"https:\/\/www.herztoenchen.com\/ukulelefee\/einfachesongs\/","url_meta":{"origin":12776,"position":0},"title":"Einfache Songs","author":"Gabriela","date":"12. November 2018","format":false,"excerpt":"[vc_row][vc_column width=\"2\/3\"][\/vc_column][vc_column width=\"1\/3\"][\/vc_column][\/vc_row][vc_row][vc_column][vc_empty_space height=\"40px\"][\/vc_column][\/vc_row][vc_row][vc_column][vc_basic_grid post_type=\"post\" max_items=\"-1\" element_width=\"2\" orderby=\"title\" order=\"ASC\" item=\"176\" grid_id=\"vc_gid:1542014611905-c89c0577-f649-5\" taxonomies=\"37\"][\/vc_column][\/vc_row]","rel":"","context":"\u00c4hnlicher Beitrag","block_context":{"text":"\u00c4hnlicher Beitrag","link":""},"img":{"alt_text":"","src":"","width":0,"height":0},"classes":[]},{"id":537,"url":"https:\/\/www.herztoenchen.com\/ukulelefee\/jazzysongs\/","url_meta":{"origin":12776,"position":1},"title":"Jazzy Songs","author":"Gabriela","date":"12. November 2018","format":false,"excerpt":"[vc_row][vc_column width=\"2\/3\"][\/vc_column][vc_column width=\"1\/3\"][\/vc_column][\/vc_row][vc_row][vc_column][vc_empty_space height=\"40px\"][\/vc_column][\/vc_row][vc_row][vc_column][vc_basic_grid post_type=\"post\" max_items=\"-1\" element_width=\"2\" orderby=\"title\" order=\"ASC\" item=\"176\" grid_id=\"vc_gid:1542014633154-dcf88f63-f07f-4\" taxonomies=\"70\"][\/vc_column][\/vc_row]","rel":"","context":"\u00c4hnlicher Beitrag","block_context":{"text":"\u00c4hnlicher Beitrag","link":""},"img":{"alt_text":"","src":"","width":0,"height":0},"classes":[]},{"id":539,"url":"https:\/\/www.herztoenchen.com\/ukulelefee\/musikalischesongs\/","url_meta":{"origin":12776,"position":2},"title":"Musikalische Songs","author":"Gabriela","date":"12. November 2018","format":false,"excerpt":"[vc_row][vc_column width=\"2\/3\"][\/vc_column][vc_column width=\"1\/3\"][\/vc_column][\/vc_row][vc_row][vc_column][vc_empty_space height=\"40px\"][\/vc_column][\/vc_row][vc_row][vc_column][vc_basic_grid post_type=\"post\" max_items=\"-1\" element_width=\"2\" orderby=\"title\" order=\"ASC\" item=\"176\" grid_id=\"vc_gid:1542014750279-636768e9-4ccc-9\" taxonomies=\"62\"][\/vc_column][\/vc_row]","rel":"","context":"\u00c4hnlicher Beitrag","block_context":{"text":"\u00c4hnlicher Beitrag","link":""},"img":{"alt_text":"","src":"","width":0,"height":0},"classes":[]},{"id":541,"url":"https:\/\/www.herztoenchen.com\/ukulelefee\/mittelschweresongs\/","url_meta":{"origin":12776,"position":3},"title":"Mittelschwere Songs","author":"Gabriela","date":"12. November 2018","format":false,"excerpt":"[vc_row][vc_column width=\"2\/3\"][\/vc_column][vc_column width=\"1\/3\"][\/vc_column][\/vc_row][vc_row][vc_column][vc_empty_space height=\"40px\"][\/vc_column][\/vc_row][vc_row][vc_column][vc_basic_grid post_type=\"post\" max_items=\"-1\" element_width=\"2\" orderby=\"title\" order=\"ASC\" item=\"176\" grid_id=\"vc_gid:1542014748659-3694fae8-0c23-1\" taxonomies=\"63\"][\/vc_column][\/vc_row]","rel":"","context":"\u00c4hnlicher Beitrag","block_context":{"text":"\u00c4hnlicher Beitrag","link":""},"img":{"alt_text":"","src":"","width":0,"height":0},"classes":[]},{"id":543,"url":"https:\/\/www.herztoenchen.com\/ukulelefee\/chordstabs\/","url_meta":{"origin":12776,"position":4},"title":"Chords &#038; Tabs","author":"Gabriela","date":"12. November 2018","format":false,"excerpt":"[vc_row][vc_column width=\"2\/3\"][\/vc_column][vc_column width=\"1\/3\"][\/vc_column][\/vc_row][vc_row][vc_column][vc_empty_space height=\"40px\"][\/vc_column][\/vc_row][vc_row][vc_column][vc_basic_grid post_type=\"post\" max_items=\"-1\" element_width=\"2\" orderby=\"title\" order=\"ASC\" item=\"176\" grid_id=\"vc_gid:1542014561924-94554f5e-78ea-5\" taxonomies=\"152\"][\/vc_column][\/vc_row]","rel":"","context":"\u00c4hnlicher Beitrag","block_context":{"text":"\u00c4hnlicher Beitrag","link":""},"img":{"alt_text":"","src":"","width":0,"height":0},"classes":[]},{"id":544,"url":"https:\/\/www.herztoenchen.com\/ukulelefee\/herbst\/","url_meta":{"origin":12776,"position":5},"title":"Herbst","author":"Gabriela","date":"12. November 2018","format":false,"excerpt":"[vc_row][vc_column width=\"2\/3\"][\/vc_column][vc_column width=\"1\/3\"][\/vc_column][\/vc_row][vc_row][vc_column][vc_empty_space height=\"40px\"][\/vc_column][\/vc_row][vc_row][vc_column][vc_basic_grid post_type=\"post\" max_items=\"-1\" element_width=\"2\" orderby=\"title\" order=\"ASC\" item=\"176\" grid_id=\"vc_gid:1542014621550-8c735305-9149-7\" taxonomies=\"147\"][\/vc_column][\/vc_row]","rel":"","context":"\u00c4hnlicher Beitrag","block_context":{"text":"\u00c4hnlicher Beitrag","link":""},"img":{"alt_text":"","src":"","width":0,"height":0},"classes":[]}],"jetpack_likes_enabled":true,"_links":{"self":[{"href":"https:\/\/www.herztoenchen.com\/ukulelefee\/wp-json\/wp\/v2\/pages\/12776","targetHints":{"allow":["GET"]}}],"collection":[{"href":"https:\/\/www.herztoenchen.com\/ukulelefee\/wp-json\/wp\/v2\/pages"}],"about":[{"href":"https:\/\/www.herztoenchen.com\/ukulelefee\/wp-json\/wp\/v2\/types\/page"}],"author":[{"embeddable":true,"href":"https:\/\/www.herztoenchen.com\/ukulelefee\/wp-json\/wp\/v2\/users\/1"}],"replies":[{"embeddable":true,"href":"https:\/\/www.herztoenchen.com\/ukulelefee\/wp-json\/wp\/v2\/comments?post=12776"}],"version-history":[{"count":1,"href":"https:\/\/www.herztoenchen.com\/ukulelefee\/wp-json\/wp\/v2\/pages\/12776\/revisions"}],"predecessor-version":[{"id":12798,"href":"https:\/\/www.herztoenchen.com\/ukulelefee\/wp-json\/wp\/v2\/pages\/12776\/revisions\/12798"}],"wp:attachment":[{"href":"https:\/\/www.herztoenchen.com\/ukulelefee\/wp-json\/wp\/v2\/media?parent=12776"}],"curies":[{"name":"wp","href":"https:\/\/api.w.org\/{rel}","templated":true}]}}